{"id":105,"date":"2014-08-31T13:10:19","date_gmt":"2014-08-31T12:10:19","guid":{"rendered":"http:\/\/www.kiosquesdumonde.net\/wordpress\/?page_id=105"},"modified":"2018-11-04T10:40:45","modified_gmt":"2018-11-04T09:40:45","slug":"jean-anouilh-1910-1987-le-bal-des-voleurs","status":"publish","type":"page","link":"https:\/\/www.kiosquesdumonde.net\/wordpress\/litterature\/jean-anouilh-1910-1987-le-bal-des-voleurs\/","title":{"rendered":"Jean Anouilh (1910-1987) : Le bal des voleurs"},"content":{"rendered":"<div style=\"width: 910px; border: 3px solid #BFF0C3; padding: 50px 25px 50px 25px;\">\n<p><em>L\u2019action se d\u00e9roule \u00e0 Vichy aux environs des ann\u00e9es 30. L\u2019arriv\u00e9e d\u2019un trio de pickpockets dans cette ville d\u2019eau r\u00e9put\u00e9e pour sa tranquillit\u00e9 va tout bouleverser. La fa\u00e7on la plus simple de d\u00e9trousser les curistes est de s\u00e9duire des jeunes filles de la bonne soci\u00e9t\u00e9 et de s\u2019affubler de d\u00e9guisements divers.<\/em><\/p>\n<p><em> Avec<\/em> le Bal des voleurs <em>(paru en 1938), Jean Anouilh signe ici une pi\u00e8ce qui se rapproche du vaudeville. M\u00eame le titre est faux : il s&rsquo;agit en fait du \u00ab\u00a0Bal des fleurs\u00a0\u00bb, mais le mot est mal orthographi\u00e9 sur les cartons d&rsquo;invitation des convives\u2026<\/em><\/p>\n<p><em>PREMIER TABLEAU<\/em><\/p>\n<p>Le jardin d&rsquo;une ville d&rsquo;eaux de style tr\u00e8s 1880, autour du kiosque \u00e0 musique.<br \/>\n<em> Dans le kiosque un seul musicien, un clarinettiste, figurera l&rsquo;orchestre. Au lever du rideau il joue quelque chose d&rsquo;extr\u00eamement brillant.<\/em><br \/>\n<em> La chaisi\u00e8re va et vient. Les estivants se prom\u00e8nent sur le rythme de la musique. Au premier plan, \u00c8va et Hector unis dans un baiser tr\u00e8s cin\u00e9ma.<\/em><br \/>\n<em> La musique s&rsquo;arr\u00eate, le baiser aussi. Hector en sort un peu titubant. On applaudit la fin du morceau.<\/em><\/p>\n<p><a href=\"http:\/\/www.kiosquesdumonde.net\/coppermine\/displayimage.php?album=17&amp;pos=17\"><img loading=\"lazy\" decoding=\"async\" class=\"aligncenter wp-image-169 size-full\" src=\"https:\/\/www.kiosquesdumonde.net\/wordpress\/wp-content\/uploads\/2014\/08\/Vichy_H\u00f4pital_02-e1415980435156.jpg\" alt=\"Vichy_(H\u00f4pital)_02\" width=\"625\" height=\"387\" \/><\/a><br \/>\n<a href=\"http:\/\/www.kiosquesdumonde.net\/coppermine\/displayimage.php?album=17&amp;pid=65#top_display_media\" target=\"_blank\" rel=\"noopener\"><em>Le kiosque de Vichy<\/em><\/a><\/p>\n<p>HECTOR,<em>confus<\/em>.<br \/>\nAttention, on nous applaudit.<\/p>\n<p>\u00c8VA <em>\u00e9clate de rire<\/em>.<br \/>\nMais non, c&rsquo;est l&rsquo;orchestre ! D\u00e9cid\u00e9ment vous me plaisez beaucoup.<\/p>\n<p>HECTOR, <em>qui touche malgr\u00e9 lui ses moustaches et sa perruque.<br \/>\n<\/em>Qu&rsquo;est-ce qui vous pla\u00eet en moi ?<\/p>\n<p>\u00c8VA<br \/>\nTout.<\/p>\n<p><em>Elle lui fait un petit bonjour.<\/em><\/p>\n<p>Ne restons pas l\u00e0, c&rsquo;est dangereux.<br \/>\nA ce soir, huit heures, au bar du Ph\u0153nix. Et surtout si vous me rencontrez avec ma tante, vous ne me reconnaissez pas.<\/p>\n<p>HECTOR, <em>langoureux<\/em>.<br \/>\nVotre main encore.<\/p>\n<p>\u00c8VA<br \/>\nAttention, lord Edgard, le vieil ami de ma tante, est en train de lire son journal devant le kiosque \u00e0 musique. Il va nous voir.<\/p>\n<p><em>Elle tend sa main, mais elle s&rsquo;est d\u00e9tourn\u00e9e pour observer lord Edgard.<\/em><\/p>\n<p>HECTOR, <em>passionn\u00e9<\/em>.<br \/>\nJe veux respirer votre main.<\/p>\n<p><em>Il se penche sur sa main, mais tire subrepticement une loupe de bijoutier et en profite pour examiner les bagues de plus pr\u00e8s. \u00c8va a retir\u00e9 sa main sans rien voir.<\/em><\/p>\n<p>\u00c8VA<br \/>\nA ce soir !<\/p>\n<p><em>Elle s&rsquo;\u00e9loigne<\/em>.<\/p>\n<p>HECTOR, <em>d\u00e9faillant<\/em>.<br \/>\nMon amour&#8230;<\/p>\n<p><em>Il redescend sur sc\u00e8ne, rangeant son outil et murmurant tr\u00e8s froid.<\/em><\/p>\n<p>Deux cent mille. Ce n&rsquo;est pas du toc.<\/p>\n<p><em>A ce moment entre le crieur public avec son tambour.<\/em><br \/>\n<em> On s&rsquo;est mass\u00e9 autour de lui. On l&rsquo;\u00e9coute.<\/em><\/p>\n<p>LE CRIEUR PUBLIC<\/p>\n<p>Ville de Vichy. La municipalit\u00e9, soucieuse de la s\u00e9curit\u00e9 et du bien-\u00eatre des malades et des baigneurs, les met en garde et les informe : que nombre de plaintes ont \u00e9t\u00e9 d\u00e9pos\u00e9es par les estivants tant \u00e0 la mairie qu&rsquo;au commissariat central, place du March\u00e9. Une dangereuse bande de pilpockets &#8230;<\/p>\n<p><em>Il a prononc\u00e9 difficilement ce mot, la clarinette le souligne, il se d\u00e9tourne furieux.<\/em><\/p>\n<p>Qu&rsquo;une dangereuse bande de &#8230;<\/p>\n<p><em>Il bute encore sur le mot, c&rsquo;est la clarinette qui le joue&#8230;<\/em><\/p>\n<p>est en ce moment dans nos murs. La police municipale est alert\u00e9e&#8230; Tant en civil qu&rsquo;en uniforme, les agents de la force publique veillent sur les estivants&#8230;<\/p>\n<p><em>En effet, suivant un gracieux trajet \u00e0 travers la foule, des agents entrecroisent leurs sinuosit\u00e9s pendant qu&rsquo;il parle.<\/em><\/p>\n<p>Cependant chacun est invit\u00e9 \u00e0 observer la plus grande prudence, particuli\u00e8rement sur la voie publique, dans les parcs et tous autres lieux fr\u00e9quent\u00e9s. Une prime en nature est offerte par le Syndicat d&rsquo;initiative \u00e0 qui donnera un indice permettant l&rsquo;arrestation des voleurs&#8230; Et qu&rsquo;on se le dise !&#8230;<\/p>\n<p><em>Roulement de tambour. Pendant qu&rsquo;il lisait, Hector lui a subtilis\u00e9 son \u00e9norme oignon de cuivre et son gros porte-monnaie. La foule se disperse, on entend le roulement de tambour et la harangue qui reprennent au loin. Hector a \u00e9t\u00e9 s&rsquo;asseoir au premier rang. La chaisi\u00e8re s&rsquo;avance.<\/em><\/p>\n<p>LA CHAISI\u00c8RE<br \/>\nUn ticket, Monsieur, pour votre fauteuil?<\/p>\n<p>HECTOR, <em>magnanime.<\/em><br \/>\nPuisque c&rsquo;est l&rsquo;usage.<\/p>\n<p>LA CHAISI\u00c8RE<br \/>\nC&rsquo;est soixante-cinq centimes.<\/p>\n<p><em>Pendant qu&rsquo;il cherche sa monnaie, la chaisi\u00e8re lui vole son portefeuille, puis la grosse montre et le porte-monnaie du crieur public qu&rsquo;il venait lui-m\u00eame de voler.<\/em><\/p>\n<p><em>HECTOR a saisi la main dans sa poche.<br \/>\n<\/em>H\u00e9! dites donc, l\u00e0, vous!&#8230;<\/p>\n<p><em>La chaisi\u00e8re se d\u00e9bat et va se sauver ; elle perd sa perruque<\/em>.[&#8230;]<\/p>\n<h4>Anouilh, Jean, <em>Le bal des voleurs<\/em>, Com\u00e9die-ballet, Paris, Editions Gallimard, coll.Folio plus (No 46), 1998 (ISBN 2-070-0385-8)<\/h4>\n<\/div>\n","protected":false},"excerpt":{"rendered":"<p>L\u2019action se d\u00e9roule \u00e0 Vichy aux environs des ann\u00e9es 30. L\u2019arriv\u00e9e d\u2019un trio de pickpockets dans cette ville d\u2019eau r\u00e9put\u00e9e pour sa tranquillit\u00e9 va tout bouleverser. La fa\u00e7on la plus simple de d\u00e9trousser les curistes est de s\u00e9duire des jeunes filles de la bonne soci\u00e9t\u00e9 et de s\u2019affubler de d\u00e9guisements divers. Avec le Bal des [&hellip;]<\/p>\n","protected":false},"author":1,"featured_media":0,"parent":70,"menu_order":1,"comment_status":"closed","ping_status":"closed","template":"page-templates\/full-width.php","meta":{"footnotes":""},"class_list":["post-105","page","type-page","status-publish","hentry"],"_links":{"self":[{"href":"https:\/\/www.kiosquesdumonde.net\/wordpress\/wp-json\/wp\/v2\/pages\/105","targetHints":{"allow":["GET"]}}],"collection":[{"href":"https:\/\/www.kiosquesdumonde.net\/wordpress\/wp-json\/wp\/v2\/pages"}],"about":[{"href":"https:\/\/www.kiosquesdumonde.net\/wordpress\/wp-json\/wp\/v2\/types\/page"}],"author":[{"embeddable":true,"href":"https:\/\/www.kiosquesdumonde.net\/wordpress\/wp-json\/wp\/v2\/users\/1"}],"replies":[{"embeddable":true,"href":"https:\/\/www.kiosquesdumonde.net\/wordpress\/wp-json\/wp\/v2\/comments?post=105"}],"version-history":[{"count":81,"href":"https:\/\/www.kiosquesdumonde.net\/wordpress\/wp-json\/wp\/v2\/pages\/105\/revisions"}],"predecessor-version":[{"id":5824,"href":"https:\/\/www.kiosquesdumonde.net\/wordpress\/wp-json\/wp\/v2\/pages\/105\/revisions\/5824"}],"up":[{"embeddable":true,"href":"https:\/\/www.kiosquesdumonde.net\/wordpress\/wp-json\/wp\/v2\/pages\/70"}],"wp:attachment":[{"href":"https:\/\/www.kiosquesdumonde.net\/wordpress\/wp-json\/wp\/v2\/media?parent=105"}],"curies":[{"name":"wp","href":"https:\/\/api.w.org\/{rel}","templated":true}]}}