{"id":1168,"date":"2014-11-10T11:36:43","date_gmt":"2014-11-10T10:36:43","guid":{"rendered":"http:\/\/www.kiosquesdumonde.net\/wordpress\/?page_id=1168"},"modified":"2017-11-11T14:20:15","modified_gmt":"2017-11-11T13:20:15","slug":"histoire","status":"publish","type":"page","link":"https:\/\/www.kiosquesdumonde.net\/wordpress\/histoire\/","title":{"rendered":"Histoire"},"content":{"rendered":"<div style=\"width: 910px; border: 3px solid #BFF0C3; padding: 50px 25px 50px 25px;\">\n<h3>Bref historique du kiosque \u00e0 musique<\/h3>\n<p style=\"text-align: justify;\">Actuellement, aucun panorama historique du kiosque \u00e0 musique ne peut nier l\u2019influence exerc\u00e9e par l\u2019\u0153uvre magistrale de Marie\u2013Claire Mussat \u00ab\u00a0<em>La Belle Epoque des Kiosques \u00e0 Musique\u00a0\u00bb<\/em>.<br \/>\nA c\u00f4t\u00e9 de la galerie de photos et les documents divers que je livre au public, il n\u2019est pourtant pas sans int\u00e9r\u00eat de rappeler sur ce site certaines \u00e9tapes de l\u2019itin\u00e9raire du kiosque \u00e0 musique \u00e0 travers le temps.<\/p>\n<h4>1. Les origines<\/h4>\n<p style=\"text-align: justify;\">Nous ne mentionnerons pas vraiment les \u00e9dicules qui se retrouvent dans la litt\u00e9rature antique \u00e0 propos des anciens Perses. La construction du kiosque trouverait sa lointaine origine en Chine. A proximit\u00e9 de leurs \u00e9tangs, les Chinois construisaient des pavillons de jardin souvent quadrangulaires. Ce lieu de d\u00e9lassement, voire de m\u00e9ditation, a \u00e9t\u00e9 repris par les Turcs &#8211; au palais de Topkapi entre autres. Au 18e si\u00e8cle, c\u2019est un des sujets des fabriques qui ornent les parcs \u00e0 la fran\u00e7aise ou \u00e0 l\u2019anglaise. A cette \u00e9poque, les chinoiseries sont fort \u00e0 la mode et ces pavillons de jardin y participent.<\/p>\n<h4>2. Naissance du kiosque \u00e0 musique<\/h4>\n<p style=\"text-align: justify;\">Il semble que l\u2019on puisse parler de convergence. Les fabriques des parcs de l\u2019Ancien R\u00e9gime donnaient le mod\u00e8le architectural. L\u2019apparition du fer et de la fonte a donn\u00e9 des possibilit\u00e9s nouvelles \u00e0 la construction. La mont\u00e9e de la bourgeoisie, du sentiment national et des formes nouvelles de diffusion de la musique d\u2019ensemble ont contribu\u00e9 au d\u00e9veloppement de ces constructions publiques.<\/p>\n<h4>3. Une architecture novatrice<\/h4>\n<div id=\"attachment_971\" style=\"width: 635px\" class=\"wp-caption aligncenter\"><a href=\"https:\/\/www.kiosquesdumonde.net\/wordpress\/wp-content\/uploads\/2014\/10\/Bxl-e1415871458200.jpg\"><img loading=\"lazy\" decoding=\"async\" aria-describedby=\"caption-attachment-971\" class=\"wp-image-971 size-full\" src=\"https:\/\/www.kiosquesdumonde.net\/wordpress\/wp-content\/uploads\/2014\/10\/Bxl-e1415871458200.jpg\" alt=\"\" width=\"625\" height=\"469\" \/><\/a><p id=\"caption-attachment-971\" class=\"wp-caption-text\">Bruxelles parc royal<\/p><\/div>\n<p style=\"text-align: justify;\">Le <a href=\"http:\/\/www.kiosquesdumonde.net\/coppermine\/displayimage.php?album=1&amp;pos=33\" target=\"_blank\" rel=\"noopener\">kiosque du Parc royal de Bruxelles<\/a> est le plus ancien t\u00e9moignage encore existant du nouveau style architectural. Construit en 1841 par l\u2019architecte J.-P. Cluysenaar, il est en fonte et de forme dod\u00e9cagonale, donc de grande dimension. Restaur\u00e9 en 2002, il sert encore occasionnellement pour des f\u00eates.<br \/>\nAu 19e si\u00e8cle, ce sont des artisans-serruriers qui seront les premiers constructeurs. En France, la firme Blairon-Mathieu de Charleville construira les kiosques de <a href=\"http:\/\/www.kiosquesdumonde.net\/coppermine\/displayimage.php?album=156&amp;pos=29\" target=\"_blank\" rel=\"noopener\">Pau<\/a>, de <a href=\"http:\/\/www.kiosquesdumonde.net\/coppermine\/displayimage.php?album=4&amp;pos=2\" target=\"_blank\" rel=\"noopener\">Cannes<\/a> ou de <a href=\"http:\/\/www.kiosquesdumonde.net\/coppermine\/displayimage.php?album=37&amp;pos=8\" target=\"_blank\" rel=\"noopener\">Honfleur<\/a> par exemple.<\/p>\n<p style=\"text-align: justify;\">Ensuite, des fonderies plus industrielles prendront la rel\u00e8ve comme Jouffray &amp; Garnell \u00e0 Orl\u00e9ans (<a href=\"http:\/\/www.kiosquesdumonde.net\/coppermine\/displayimage.php?album=117&amp;pos=22\" target=\"_blank\" rel=\"noopener\">Parthenay<\/a> ou <a href=\"http:\/\/www.kiosquesdumonde.net\/coppermine\/displayimage.php?album=164&amp;pos=21\" target=\"_blank\" rel=\"noopener\">Lu\u00e7on<\/a> en France); Schwartz &amp; Meurer \u00e0 Paris (Biarritz ou <a href=\"http:\/\/www.kiosquesdumonde.net\/coppermine\/displayimage.php?album=237&amp;pos=0\" target=\"_blank\" rel=\"noopener\">Belfort<\/a> en France) , les Ateliers Fender \u00e0 Paris qui ont construit la plupart des kiosques parisiens vers 1900 ou encore les <a href=\"http:\/\/www.kiosquesdumonde.net\/coppermine\/displayimage.php?album=47&amp;pos=104\">Fonderies Porta \u00e0 Huy<\/a> (Belgique).<\/p>\n<div id=\"attachment_1246\" style=\"width: 335px\" class=\"wp-caption alignright\"><a href=\"https:\/\/www.kiosquesdumonde.net\/wordpress\/wp-content\/uploads\/2014\/11\/Parthenay-03-e1415702354790.jpg\"><img loading=\"lazy\" decoding=\"async\" aria-describedby=\"caption-attachment-1246\" class=\"wp-image-1246 size-full\" src=\"https:\/\/www.kiosquesdumonde.net\/wordpress\/wp-content\/uploads\/2014\/11\/Parthenay-03-e1415702354790.jpg\" alt=\"Parthenay\" width=\"325\" height=\"278\" \/><\/a><p id=\"caption-attachment-1246\" class=\"wp-caption-text\">Parthenay<\/p><\/div>\n<div id=\"attachment_1754\" style=\"width: 271px\" class=\"wp-caption alignleft\"><a href=\"https:\/\/www.kiosquesdumonde.net\/wordpress\/wp-content\/uploads\/2014\/11\/Lucon_05-e1416558944955.jpg\"><img loading=\"lazy\" decoding=\"async\" aria-describedby=\"caption-attachment-1754\" class=\"wp-image-1754 size-full\" src=\"https:\/\/www.kiosquesdumonde.net\/wordpress\/wp-content\/uploads\/2014\/11\/Lucon_05-e1416558944955.jpg\" alt=\"Lu\u00e7on kiosque\" width=\"261\" height=\"375\" \/><\/a><p id=\"caption-attachment-1754\" class=\"wp-caption-text\">Lu\u00e7on<\/p><\/div>\n<p>&nbsp;<\/p>\n<p>&nbsp;<\/p>\n<p>&nbsp;<\/p>\n<p>&nbsp;<\/p>\n<p>&nbsp;<\/p>\n<p>&nbsp;<\/p>\n<p>&nbsp;<\/p>\n<p>&nbsp;<\/p>\n<p>&nbsp;<\/p>\n<p>&nbsp;<\/p>\n<p style=\"text-align: justify;\">M\u00eame si aujourd\u2019hui l\u2019utilisation de la fonte n\u2019a plus rien de r\u00e9volutionnaire, subsistent encore des fondeurs qui permettent aux municipalit\u00e9s de se fournir en kiosque ou \u00e9l\u00e9ments en fonte et fer forg\u00e9 comme la Soci\u00e9t\u00e9 GHM \u00e0 Sommevoire, Grunig-Tribel \u00e0 Paris ou les Fontes Gillet \u00e0 Castres. Les kiosques r\u00e9cents de <a href=\"http:\/\/www.kiosquesdumonde.net\/coppermine\/displayimage.php?album=62&amp;pos=13\">Salon-de-Provence<\/a>, de <a href=\"http:\/\/www.kiosquesdumonde.net\/coppermine\/displayimage.php?album=55&amp;pos=9\">Mont\u00e9limar<\/a> et de Toulon en France ou les kiosques r\u00e9cents construits en r\u00e9gion de Bruxelles en Belgique en t\u00e9moignent.<\/p>\n<p><!--nextpage--><\/p>\n<div style=\"width: 910px; border: 3px solid #BFF0C3; padding: 50px 25px 50px 25px;\">\n<h4>4. Le r\u00f4le de la bourgeoisie nationaliste<\/h4>\n<p style=\"text-align: justify;\">Les r\u00e9volutions bourgeoises de 1830 ont touch\u00e9 toute l\u2019Europe. Les mentalit\u00e9s ont chang\u00e9. La grandeur du pays \u00e9tait symbolis\u00e9e par l\u2019industrie qui se g\u00e9n\u00e9ralise et par les colonies dont la plupart des pays occidentaux se pourvoient.<br \/>\nCela va de pair avec une glorification de l\u2019arm\u00e9e. Les musiques militaires connaissent de ce fait un grand succ\u00e8s. Elles doivent toucher la population pour encourager les sentiments patriotiques. Les d\u00e9fil\u00e9s et les concerts sur les kiosques \u00e0 musique sont l\u2019occasion pour l\u2019arm\u00e9e de d\u00e9velopper des relations publiques avant la lettre. Notre site pr\u00e9sente par exemple certaines cartes postales anciennes o\u00f9 joue une musique militaire joue sur le kiosque : <a href=\"http:\/\/www.kiosquesdumonde.net\/coppermine\/displayimage.php?album=16&amp;pos=129\" target=\"_blank\" rel=\"noopener\">Douai<\/a> \u2013 <a href=\"http:\/\/www.kiosquesdumonde.net\/coppermine\/displayimage.php?album=63&amp;pos=0\" target=\"_blank\" rel=\"noopener\">Ajaccio<\/a> \u2013 <a href=\"http:\/\/www.kiosquesdumonde.net\/coppermine\/displayimage.php?album=125&amp;pos=15\">Toulon<\/a>.<br \/>\nDans les colonies aussi, les musiques militaires trouvent un terrain pour s\u2019exprimer : les Europ\u00e9ens ressentent ainsi leur solidarit\u00e9 loin de la m\u00e8re-patrie et montrent de fa\u00e7on pacifique aux indig\u00e8nes leur puissance coloniale. Certaines cartes postales anciennes en t\u00e9moignent; citons :<br \/>\nEn Afrique : en Alg\u00e9rie (<a href=\"http:\/\/www.kiosquesdumonde.net\/coppermine\/displayimage.php?album=5&amp;pos=0\" target=\"_blank\" rel=\"noopener\">Alger<\/a>, <a href=\"http:\/\/www.kiosquesdumonde.net\/coppermine\/displayimage.php?album=5&amp;pos=6\" target=\"_blank\" rel=\"noopener\">Blida<\/a>, <a href=\"http:\/\/www.kiosquesdumonde.net\/coppermine\/displayimage.php?album=5&amp;pos=16\" target=\"_blank\" rel=\"noopener\">Oran<\/a>), au Maroc (Casablanca).<br \/>\nEn Asie : au Vi\u00eat Nam (<a href=\"http:\/\/www.kiosquesdumonde.net\/coppermine\/displayimage.php?album=65&amp;pos=1\" target=\"_blank\" rel=\"noopener\">Hano\u00ef<\/a> et Saigon), en Inde (<a href=\"http:\/\/www.kiosquesdumonde.net\/coppermine\/displayimage.php?album=14&amp;pos=1\" target=\"_blank\" rel=\"noopener\">Calcutta<\/a>).<\/p>\n<div id=\"attachment_994\" style=\"width: 635px\" class=\"wp-caption aligncenter\"><a href=\"https:\/\/www.kiosquesdumonde.net\/wordpress\/wp-content\/uploads\/2014\/11\/Calcutta_01-e1415871490542.jpg\"><img loading=\"lazy\" decoding=\"async\" aria-describedby=\"caption-attachment-994\" class=\"wp-image-994 size-full\" src=\"https:\/\/www.kiosquesdumonde.net\/wordpress\/wp-content\/uploads\/2014\/11\/Calcutta_01-e1415871490542.jpg\" alt=\"\" width=\"625\" height=\"383\" \/><\/a><p id=\"caption-attachment-994\" class=\"wp-caption-text\">Calcutta<\/p><\/div>\n<p style=\"text-align: justify;\">\u00a0Les \u00e9migrants aussi exportent leur fa\u00e7on de vivre. Les kiosques \u00e0 musique expriment leur nouvelle prosp\u00e9rit\u00e9. C\u2019est ainsi que l\u2019on trouve de superbes kiosques au Mexique (<a href=\"http:\/\/www.kiosquesdumonde.net\/coppermine\/displayimage.php?album=200&amp;pos=0\" target=\"_blank\" rel=\"noopener\">Oaxaca<\/a>, <a href=\"http:\/\/www.kiosquesdumonde.net\/coppermine\/displayimage.php?album=179&amp;pos=0\" target=\"_blank\" rel=\"noopener\">Guadalajara<\/a> ou <a href=\"http:\/\/www.kiosquesdumonde.net\/coppermine\/displayimage.php?album=94&amp;pos=3\" target=\"_blank\" rel=\"noopener\">Veracruz<\/a>), au Br\u00e9sil (<a href=\"http:\/\/www.kiosquesdumonde.net\/coppermine\/displayimage.php?album=248&amp;pos=0\" target=\"_blank\" rel=\"noopener\">Bel\u00e9m do Par\u00e1<\/a>), en Equateur (Guayaquil) ou \u00e0 Santiago de Cuba. Il faut assimiler \u00e0 ce ph\u00e9nom\u00e8ne l\u2019apparition des kiosques aux Etats-Unis (en Californie, au Massachusetts (<a href=\"http:\/\/www.kiosquesdumonde.net\/coppermine\/displayimage.php?album=216&amp;pos=4\" target=\"_blank\" rel=\"noopener\">Boston<\/a>), en Ohio, \u2026), et dans des pays tels que la Nouvelle-Z\u00e9lande (Auckland) et l\u2019Australie (Adela\u00efde).<\/p>\n<h4>5. Le r\u00f4le de la bourgeoisie capitaliste<\/h4>\n<div id=\"attachment_996\" style=\"width: 515px\" class=\"wp-caption aligncenter\"><a href=\"https:\/\/www.kiosquesdumonde.net\/wordpress\/wp-content\/uploads\/2014\/11\/Guise_11-e1415206640717.jpg\"><img loading=\"lazy\" decoding=\"async\" aria-describedby=\"caption-attachment-996\" class=\"wp-image-996 size-full\" src=\"https:\/\/www.kiosquesdumonde.net\/wordpress\/wp-content\/uploads\/2014\/11\/Guise_11-e1415206640717.jpg\" alt=\"Guise\" width=\"505\" height=\"379\" \/><\/a><p id=\"caption-attachment-996\" class=\"wp-caption-text\">Guise<\/p><\/div>\n<p style=\"text-align: justify;\">A partir du moment o\u00f9 le capitalisme est devenu moins sauvage dans les formes, certains patrons, id\u00e9alistes comme Jean-Baptiste-Andr\u00e9 Godin, ou simplement plus adroits, se sont rendus compte qu\u2019il n\u2019\u00e9tait pas inutile de faire certains investissements au profit du personnel : c\u2019est l\u2019apparition des premi\u00e8res \u00e9coles techniques cr\u00e9\u00e9es par les ma\u00eetres de forges, des jardins ouvriers et des fanfares. Le but de ces initiatives, c\u2019est d\u2019occuper les ouvriers pendant leurs loisirs afin qu\u2019ils ne d\u00e9veloppent pas d\u2019actions qui pourraient devenir subversives. Ces ensembles musicaux ouvriers devaient forc\u00e9ment se produire pour avoir une finalit\u00e9.<br \/>\nC\u2019est ainsi qu\u2019existent encore aujourd\u2019hui les kiosques du phalanst\u00e8re de <a href=\"http:\/\/www.kiosquesdumonde.net\/coppermine\/displayimage.php?album=188&amp;pos=18\" target=\"_blank\" rel=\"noopener\">Guise<\/a> (Aisne-France) et celui du <a href=\"http:\/\/www.kiosquesdumonde.net\/coppermine\/displayimage.php?album=22&amp;pos=27\" target=\"_blank\" rel=\"noopener\">Bois-du-Luc<\/a> (Hainaut-Belgique).<\/p>\n<p style=\"text-align: justify;\">Lorsque la classe ouvri\u00e8re commencera \u00e0 cr\u00e9er des mutuelles et \u00e0 se politiser, il existera souvent dans la m\u00eame localit\u00e9 industrielle plusieurs soci\u00e9t\u00e9s musicales ; la lib\u00e9rale, la catholique, la socialiste. Parfois cela correspondra \u00e0 une multiplication des kiosques dans la m\u00eame localit\u00e9.<br \/>\n<!--nextpage--><\/p>\n<div style=\"width: 910px; border: 3px solid #BFF0C3; padding: 50px 25px 50px 25px;\">\n<h4>6. La vie mondaine, les bains et les cures<\/h4>\n<p style=\"text-align: justify;\">De tous temps, il a exist\u00e9 en Occident des stations baln\u00e9aires. L\u2019inactivit\u00e9 forc\u00e9e des curistes encourage une vie de loisirs paisibles : les concerts sur les kiosques auront dans ce sens un grand succ\u00e8s au 19e si\u00e8cle.<br \/>\nCitons ainsi quelques plages qui furent \u00e0 la mode \u00e0 cette \u00e9poque : <a href=\"http:\/\/www.kiosquesdumonde.net\/coppermine\/displayimage.php?album=37&amp;pos=1\" target=\"_blank\" rel=\"noopener\">Cabourg<\/a> et Biarritz en France, <a href=\"http:\/\/www.kiosquesdumonde.net\/coppermine\/displayimage.php?album=204&amp;pos=5\" target=\"_blank\" rel=\"noopener\">Brighton<\/a> et Folkestone en Angleterre.<br \/>\nN\u2019oublions pas en France les villes d\u2019eau de <a href=\"http:\/\/www.kiosquesdumonde.net\/coppermine\/displayimage.php?album=17&amp;pos=19\" target=\"_blank\" rel=\"noopener\">Vichy<\/a>, de <a href=\"http:\/\/www.kiosquesdumonde.net\/coppermine\/displayimage.php?album=155&amp;pos=5\" target=\"_blank\" rel=\"noopener\">Contrex\u00e9ville<\/a> ou de <a href=\"http:\/\/www.kiosquesdumonde.net\/coppermine\/displayimage.php?album=150&amp;pos=8\" target=\"_blank\" rel=\"noopener\">La Bourboule<\/a> ; en Belgique, la c\u00e9l\u00e8bre ville de <a href=\"http:\/\/www.kiosquesdumonde.net\/coppermine\/displayimage.php?album=50&amp;pos=123\" target=\"_blank\" rel=\"noopener\">Spa<\/a>.<\/p>\n<div id=\"attachment_1082\" style=\"width: 635px\" class=\"wp-caption aligncenter\"><a href=\"https:\/\/www.kiosquesdumonde.net\/wordpress\/wp-content\/uploads\/2014\/08\/Spa-place-04-e1415871528500.jpg\"><img loading=\"lazy\" decoding=\"async\" aria-describedby=\"caption-attachment-1082\" class=\"wp-image-1082 size-full\" src=\"https:\/\/www.kiosquesdumonde.net\/wordpress\/wp-content\/uploads\/2014\/08\/Spa-place-04-e1415871528500.jpg\" width=\"625\" height=\"378\" \/><\/a><p id=\"caption-attachment-1082\" class=\"wp-caption-text\">Spa<\/p><\/div>\n<p style=\"text-align: justify;\">A l\u2019\u00e9tranger, on retrouve <a href=\"http:\/\/www.kiosquesdumonde.net\/coppermine\/displayimage.php?album=305&amp;pos=0\" target=\"_blank\" rel=\"noopener\">Baden-Baden<\/a> (Allemagne), <a href=\"http:\/\/www.kiosquesdumonde.net\/coppermine\/displayimage.php?album=30&amp;pos=8\" target=\"_blank\" rel=\"noopener\">Mari\u00e1nsk\u00e9 L\u00e1zn\u00e9<\/a> (Tch\u00e9quie) (anciennement Marienbad).<\/p>\n<h4>7. Les Kiosques \u00e0 danser<\/h4>\n<p style=\"text-align: justify;\">Ces kiosques se retrouvent en Thi\u00e9rache fran\u00e7aise. Tr\u00e8s sur\u00e9lev\u00e9s, ils ne laissent la place que pour quelques musiciens qui animent le bal depuis leur podium. Les premiers kiosques \u00e0 danser \u00e9taient construits en bois, puis en fer forg\u00e9, \u00e0 partir de 1870 l&rsquo;\u00e9poque industrielle favorisa la fonte et l&rsquo;acier. On d\u00e9nombrait une centaine de kiosques dans l&rsquo;arrondissement d&rsquo;Avesnes au d\u00e9but du 20e si\u00e8cle. Il en reste aujourd&rsquo;hui une vingtaine. Citons les kiosques de <a href=\"http:\/\/www.kiosquesdumonde.net\/coppermine\/displayimage.php?album=16&amp;pos=415\" target=\"_blank\" rel=\"noopener\">Tr\u00e9lon<\/a>, <a href=\"http:\/\/www.kiosquesdumonde.net\/coppermine\/displayimage.php?album=16&amp;pos=90\" target=\"_blank\" rel=\"noopener\">Cartignies<\/a>, <a href=\"http:\/\/www.kiosquesdumonde.net\/coppermine\/displayimage.php?album=16&amp;pos=159\" target=\"_blank\" rel=\"noopener\">Floursies<\/a>, <a href=\"http:\/\/www.kiosquesdumonde.net\/coppermine\/displayimage.php?album=16&amp;pos=130\" target=\"_blank\" rel=\"noopener\">Dourlers<\/a>, <a href=\"http:\/\/www.kiosquesdumonde.net\/coppermine\/displayimage.php?album=16&amp;pos=241\" target=\"_blank\" rel=\"noopener\">Le Favril<\/a>\u2026.<\/p>\n<div id=\"attachment_1084\" style=\"width: 239px\" class=\"wp-caption alignleft\"><a href=\"https:\/\/www.kiosquesdumonde.net\/wordpress\/wp-content\/uploads\/2014\/11\/Dourlers-06-e1415454100665.jpg\"><img loading=\"lazy\" decoding=\"async\" aria-describedby=\"caption-attachment-1084\" class=\"wp-image-1084 size-full\" src=\"https:\/\/www.kiosquesdumonde.net\/wordpress\/wp-content\/uploads\/2014\/11\/Dourlers-06-e1415454100665.jpg\" alt=\"Dourlers\" width=\"229\" height=\"305\" \/><\/a><p id=\"caption-attachment-1084\" class=\"wp-caption-text\">Dourlers<\/p><\/div>\n<div id=\"attachment_1085\" style=\"width: 315px\" class=\"wp-caption alignright\"><a href=\"https:\/\/www.kiosquesdumonde.net\/wordpress\/wp-content\/uploads\/2014\/11\/Le-Favril-03-e1415454168347.jpg\"><img loading=\"lazy\" decoding=\"async\" aria-describedby=\"caption-attachment-1085\" class=\"wp-image-1085 size-full\" src=\"https:\/\/www.kiosquesdumonde.net\/wordpress\/wp-content\/uploads\/2014\/11\/Le-Favril-03-e1415454168347.jpg\" alt=\"Le Favril\" width=\"305\" height=\"229\" \/><\/a><p id=\"caption-attachment-1085\" class=\"wp-caption-text\">Le Favril<\/p><\/div>\n<p>&nbsp;<\/p>\n<p>&nbsp;<\/p>\n<p>&nbsp;<\/p>\n<p>&nbsp;<\/p>\n<p>&nbsp;<\/p>\n<p>&nbsp;<\/p>\n<p>&nbsp;<\/p>\n<p>&nbsp;<\/p>\n<h4>8. Suite de l\u2019histoire architecturale<\/h4>\n<p style=\"text-align: justify;\">Comme nous l\u2019avons dit, le kiosque en fer et fonte se maintient et semble rena\u00eetre actuellement.<br \/>\nCe ph\u00e9nom\u00e8ne se constate en France notamment \u00e0 <a href=\"http:\/\/www.kiosquesdumonde.net\/coppermine\/displayimage.php?album=62&amp;pos=25\" target=\"_blank\" rel=\"noopener\">Salon-de-Provence<\/a>, <a href=\"http:\/\/www.kiosquesdumonde.net\/coppermine\/displayimage.php?album=55&amp;pos=16\" target=\"_blank\" rel=\"noopener\">Mont\u00e9limar<\/a> ou Feyzin.<br \/>\nSur notre site, vous le v\u00e9rifierez aussi en visitant les villes de <a href=\"http:\/\/www.kiosquesdumonde.net\/coppermine\/displayimage.php?album=3&amp;pos=18\" target=\"_blank\" rel=\"noopener\">Rixensart<\/a> ou les nouveaux kiosques construits en r\u00e9gion de Bruxelles (<a href=\"http:\/\/www.kiosquesdumonde.net\/coppermine\/displayimage.php?album=1&amp;pos=49\" target=\"_blank\" rel=\"noopener\">Forest<\/a> ou <a href=\"http:\/\/www.kiosquesdumonde.net\/coppermine\/displayimage.php?album=1&amp;pos=86\" target=\"_blank\" rel=\"noopener\">Watermael-Boitsfort<\/a>).<br \/>\nSimultan\u00e9ment, le kiosque en bois h\u00e9rit\u00e9 du 18e si\u00e8cle a toujours subsist\u00e9. Les plus anciens sont <a href=\"http:\/\/www.kiosquesdumonde.net\/coppermine\/displayimage.php?album=180&amp;pos=17\" target=\"_blank\" rel=\"noopener\">Laval<\/a> (France), ou <a href=\"http:\/\/www.kiosquesdumonde.net\/coppermine\/displayimage.php?album=19&amp;pos=2\" target=\"_blank\" rel=\"noopener\">Baden-bei-Wien<\/a> (Autriche). De m\u00eame les kiosques en ma\u00e7onnerie, pierre et brique, ont toujours exist\u00e9 \u00e0 travers le 19e si\u00e8cle.<br \/>\nLes m\u00e9thodes de construction vont se modifier profond\u00e9ment dans l\u2019entre-deux-guerres. En effet, l\u2019Art D\u00e9co r\u00e9alisera des kiosques en b\u00e9ton. Certains manquent d\u2019originalit\u00e9. Ceux de <a href=\"http:\/\/www.kiosquesdumonde.net\/coppermine\/displayimage.php?album=4&amp;pos=14\" target=\"_blank\" rel=\"noopener\">Grasse<\/a>, <a href=\"http:\/\/www.kiosquesdumonde.net\/coppermine\/displayimage.php?album=16&amp;pos=294\" target=\"_blank\" rel=\"noopener\">Maroilles<\/a> ou Pointe-\u00e0-Pitre m\u00e9ritent pourtant une mention. Citons aussi les kiosques faussement pittoresques en ciment arm\u00e9 qui imitent des branchages et rondins : comme \u00e0 <a href=\"http:\/\/www.kiosquesdumonde.net\/coppermine\/displayimage.php?album=50&amp;pos=68\">Malmedy<\/a> (Belgique) ou <a href=\"http:\/\/www.kiosquesdumonde.net\/coppermine\/displayimage.php?album=109&amp;pos=15\" target=\"_blank\" rel=\"noopener\">La Fert\u00e9-Mac\u00e9 <\/a>(France).<br \/>\nDepuis 1945, on voit appara\u00eetre des kiosques en forme de conque. Le public qui fait face \u00e0 ce b\u00e2timent de concert en plein air b\u00e9n\u00e9ficie souvent d\u2019une acoustique plus soign\u00e9e, \u00e0 <a href=\"http:\/\/www.kiosquesdumonde.net\/coppermine\/displayimage.php?album=155&amp;pos=38\" target=\"_blank\" rel=\"noopener\">Vittel<\/a> (France) notamment.<br \/>\nOn retrouve surtout ce mod\u00e8le dans les pays nordiques et germaniques : Konstanz (Allemagne) ou Linz-an-der-Donau (Autriche) mais aussi aux Etats-Unis o\u00f9 l\u2019on a parfois des auditoriums tr\u00e8s grands comme le Hollywood Bowl ou celui de San Francisco.<br \/>\nEnfin les architectes de certains kiosques r\u00e9cents ont pris une option r\u00e9solument audacieuse, voire futuriste : \u00e0 <a href=\"http:\/\/www.kiosquesdumonde.net\/coppermine\/displayimage.php?album=188&amp;pos=66\" target=\"_blank\" rel=\"noopener\">Saint-Quentin<\/a> (France, disparu), <a href=\"http:\/\/www.kiosquesdumonde.net\/coppermine\/displayimage.php?album=34&amp;pos=1\" target=\"_blank\" rel=\"noopener\">Alicante<\/a> (Espagne), le <a href=\"http:\/\/www.kiosquesdumonde.net\/coppermine\/displayimage.php?album=24&amp;pos=129\" target=\"_blank\" rel=\"noopener\">kiosque du Ranelagh \u00e0 Paris<\/a> ou celui d\u2019Alberta au Canada qui a vraiment la forme d\u2019un coquillage entreb\u00e2ill\u00e9.<\/p>\n<h4>9. L\u2019avenir du kiosque \u00e0 musique<\/h4>\n<p style=\"text-align: justify;\">Apr\u00e8s ce bref panorama historique du kiosque \u00e0 musique, il importe de s\u2019interroger sur son avenir. Les nouvelles constructions que l\u2019on a vu fleurir en France, mais aussi dans Bruxelles et ses environs, en Allemagne ou aux Pays-Bas ne suffisent pas \u00e0 inspirer l\u2019optimisme. Encore faut-il que ces constructions soient utilis\u00e9es pour des concerts en plein air.<br \/>\nLe r\u00f4le des conservatoires et acad\u00e9mies de musique est peut-\u00eatre de ne plus d\u00e9pr\u00e9cier, voire de favoriser la musique de fanfare et d\u2019harmonie. Il appartient aussi aux compositeurs contemporains de ne pas n\u00e9gliger les musiques pour les concerts en plein air. Les organisateurs d\u2019\u00e9v\u00e9nements musicaux, de festivals et d\u2019autres manifestations en plein air doivent rester attentifs \u00e0 utiliser ces \u00e9difices dans le cadre de leurs manifestations. Le contre-exemple est un podium que nous avons vu nagu\u00e8re install\u00e9 dans un parc, \u00e0 30 m d\u2019un kiosque \u00e0 musique.<br \/>\nA contrario, un bon exemple est l\u2019utilisation actuelle du <a href=\"http:\/\/www.kiosquesdumonde.net\/coppermine\/displayimage.php?album=1&amp;pos=18\" target=\"_blank\" rel=\"noopener\">kiosque pliant de Bruxelles<\/a>.<\/p>\n<div id=\"attachment_1185\" style=\"width: 635px\" class=\"wp-caption aligncenter\"><a href=\"https:\/\/www.kiosquesdumonde.net\/wordpress\/wp-content\/uploads\/2014\/11\/Bxl-Bruxelles-pliant-Bois-pelouse-03-e1415871555937.jpg\"><img loading=\"lazy\" decoding=\"async\" aria-describedby=\"caption-attachment-1185\" class=\"wp-image-1185 size-full\" src=\"https:\/\/www.kiosquesdumonde.net\/wordpress\/wp-content\/uploads\/2014\/11\/Bxl-Bruxelles-pliant-Bois-pelouse-03-e1415871555937.jpg\" alt=\"\" width=\"625\" height=\"410\" \/><\/a><p id=\"caption-attachment-1185\" class=\"wp-caption-text\">Bruxelles (pliant)<\/p><\/div>\n<p style=\"text-align: justify;\">Pour les nouveaux kiosques, il s\u2019agit peut-\u00eatre d\u2019\u00eatre audacieux et de concevoir l\u2019\u00e9difice en tenant compte des contraintes actuelles de sonorisation et d\u2019\u00e9clairage artificiel.<br \/>\nSouhaitons que ces \u00e9difices qui meublent nos parcs allient d\u00e9sormais la beaut\u00e9 et un r\u00f4le de musique vivante.<\/p>\n<p style=\"text-align: justify;\">Micheline Casier \u2013 Vanden Bemden, mars 2006 &#8211; mise \u00e0 jour novembre 2014.<\/p>\n<\/div>\n<\/div>\n<\/div>\n","protected":false},"excerpt":{"rendered":"<p>Bref historique du kiosque \u00e0 musique Actuellement, aucun panorama historique du kiosque \u00e0 musique ne peut nier l\u2019influence exerc\u00e9e par l\u2019\u0153uvre magistrale de Marie\u2013Claire Mussat \u00ab\u00a0La Belle Epoque des Kiosques \u00e0 Musique\u00a0\u00bb. A c\u00f4t\u00e9 de la galerie de photos et les documents divers que je livre au public, il n\u2019est pourtant pas sans int\u00e9r\u00eat de [&hellip;]<\/p>\n","protected":false},"author":1,"featured_media":0,"parent":0,"menu_order":2,"comment_status":"closed","ping_status":"closed","template":"page-templates\/full-width.php","meta":{"footnotes":""},"class_list":["post-1168","page","type-page","status-publish","hentry"],"_links":{"self":[{"href":"https:\/\/www.kiosquesdumonde.net\/wordpress\/wp-json\/wp\/v2\/pages\/1168","targetHints":{"allow":["GET"]}}],"collection":[{"href":"https:\/\/www.kiosquesdumonde.net\/wordpress\/wp-json\/wp\/v2\/pages"}],"about":[{"href":"https:\/\/www.kiosquesdumonde.net\/wordpress\/wp-json\/wp\/v2\/types\/page"}],"author":[{"embeddable":true,"href":"https:\/\/www.kiosquesdumonde.net\/wordpress\/wp-json\/wp\/v2\/users\/1"}],"replies":[{"embeddable":true,"href":"https:\/\/www.kiosquesdumonde.net\/wordpress\/wp-json\/wp\/v2\/comments?post=1168"}],"version-history":[{"count":184,"href":"https:\/\/www.kiosquesdumonde.net\/wordpress\/wp-json\/wp\/v2\/pages\/1168\/revisions"}],"predecessor-version":[{"id":5184,"href":"https:\/\/www.kiosquesdumonde.net\/wordpress\/wp-json\/wp\/v2\/pages\/1168\/revisions\/5184"}],"wp:attachment":[{"href":"https:\/\/www.kiosquesdumonde.net\/wordpress\/wp-json\/wp\/v2\/media?parent=1168"}],"curies":[{"name":"wp","href":"https:\/\/api.w.org\/{rel}","templated":true}]}}