{"id":172,"date":"2014-09-04T17:07:01","date_gmt":"2014-09-04T16:07:01","guid":{"rendered":"http:\/\/www.kiosquesdumonde.net\/wordpress\/?page_id=172"},"modified":"2014-11-22T09:56:45","modified_gmt":"2014-11-22T08:56:45","slug":"albert-camus-1913-1960-lete","status":"publish","type":"page","link":"https:\/\/www.kiosquesdumonde.net\/wordpress\/litterature\/albert-camus-1913-1960-lete\/","title":{"rendered":"Albert Camus (1913-1960) : L\u2019Et\u00e9"},"content":{"rendered":"<div style=\"width: 910px; border: 3px solid #BFF0C3; padding: 50px 25px 50px 25px;\"><em>Paru en 1954, <\/em>L\u2019\u00c9t\u00e9, essai<em>, est un recueil de r\u00e9cits \u00e9crits entre 1939 et 1953. Camus y livre quelques r\u00e9flexions inspir\u00e9s par diff\u00e9rents lieux : Oran , Alger, le d\u00e9sert et la mer.<\/em><br \/>\n<em> L\u2019extrait ci-dessous est repris du chapitre \u00ab\u00a0<\/em>Petit guide des villes sans pass\u00e9<em>\u00ab\u00a0.<\/em><br \/>\n<em><a href=\"http:\/\/www.kiosquesdumonde.net\/coppermine\/displayimage.php?album=5&amp;pos=10\"><img loading=\"lazy\" decoding=\"async\" class=\"aligncenter wp-image-226 size-full\" src=\"https:\/\/www.kiosquesdumonde.net\/wordpress\/wp-content\/uploads\/2014\/09\/Constantine-place-01-e1416067228832.jpg\" alt=\"\" width=\"625\" height=\"383\" \/><\/a><\/em><br \/>\n<a href=\"http:\/\/www.kiosquesdumonde.net\/coppermine\/displayimage.php?album=5&amp;pos=10\" target=\"_blank\"><em>Le kiosque de Constantine<\/em><\/a><\/p>\n<p style=\"text-align: left; padding-left: 30px; padding-right: 30px;\">[\u2026] Le voyageur encore jeune s&rsquo;apercevra aussi que les femmes y sont belles. Le meilleur endroit pour s&rsquo;en aviser est la terrasse du caf\u00e9 des Facult\u00e9s, rue Michelet, \u00e0 Alger, \u00e0 condition de s&rsquo;y tenir un dimanche matin, au mois d&rsquo;avril. Des cohortes de jeunes femmes, chauss\u00e9es de sandales, v\u00eatues d&rsquo;\u00e9toles l\u00e9g\u00e8res et de couleurs vives, montent et descendent la rue. On peut les admirer, sans fausse honte : elles sont venues pour cela. A Oran, le bar Cintra, sur le boulevard Gallieni, est aussi un bon observatoire. A Constantine, on peut toujours se promener autour du kiosque \u00e0 musique. Mais la mer \u00e9tant \u00e0 des centaines de kilom\u00e8tres, il manque peut-\u00eatre quelque chose aux cr\u00e9atures qu&rsquo;on y rencontre. En g\u00e9n\u00e9ral, et \u00e0 cause de cette disposition g\u00e9ographique, Constantine offre moins d&rsquo;agr\u00e9ments, mais la qualit\u00e9 de l&rsquo;ennui y est plus fine.[\u2026]<\/p>\n<h4>\u00a0CAMUS, Albert, <em>L&rsquo;\u00c9t\u00e9<\/em>, essai, \u00c9ditions Gallimard, coll. Folio, 1959<\/h4>\n<\/div>\n","protected":false},"excerpt":{"rendered":"<p>Paru en 1954, L\u2019\u00c9t\u00e9, essai, est un recueil de r\u00e9cits \u00e9crits entre 1939 et 1953. Camus y livre quelques r\u00e9flexions inspir\u00e9s par diff\u00e9rents lieux : Oran , Alger, le d\u00e9sert et la mer. L\u2019extrait ci-dessous est repris du chapitre \u00ab\u00a0Petit guide des villes sans pass\u00e9\u00ab\u00a0. Le kiosque de Constantine [\u2026] Le voyageur encore jeune s&rsquo;apercevra [&hellip;]<\/p>\n","protected":false},"author":1,"featured_media":0,"parent":70,"menu_order":5,"comment_status":"closed","ping_status":"closed","template":"page-templates\/full-width.php","meta":{"footnotes":""},"class_list":["post-172","page","type-page","status-publish","hentry"],"_links":{"self":[{"href":"https:\/\/www.kiosquesdumonde.net\/wordpress\/wp-json\/wp\/v2\/pages\/172","targetHints":{"allow":["GET"]}}],"collection":[{"href":"https:\/\/www.kiosquesdumonde.net\/wordpress\/wp-json\/wp\/v2\/pages"}],"about":[{"href":"https:\/\/www.kiosquesdumonde.net\/wordpress\/wp-json\/wp\/v2\/types\/page"}],"author":[{"embeddable":true,"href":"https:\/\/www.kiosquesdumonde.net\/wordpress\/wp-json\/wp\/v2\/users\/1"}],"replies":[{"embeddable":true,"href":"https:\/\/www.kiosquesdumonde.net\/wordpress\/wp-json\/wp\/v2\/comments?post=172"}],"version-history":[{"count":25,"href":"https:\/\/www.kiosquesdumonde.net\/wordpress\/wp-json\/wp\/v2\/pages\/172\/revisions"}],"predecessor-version":[{"id":1814,"href":"https:\/\/www.kiosquesdumonde.net\/wordpress\/wp-json\/wp\/v2\/pages\/172\/revisions\/1814"}],"up":[{"embeddable":true,"href":"https:\/\/www.kiosquesdumonde.net\/wordpress\/wp-json\/wp\/v2\/pages\/70"}],"wp:attachment":[{"href":"https:\/\/www.kiosquesdumonde.net\/wordpress\/wp-json\/wp\/v2\/media?parent=172"}],"curies":[{"name":"wp","href":"https:\/\/api.w.org\/{rel}","templated":true}]}}