{"id":2320,"date":"2015-02-21T11:20:24","date_gmt":"2015-02-21T10:20:24","guid":{"rendered":"http:\/\/www.kiosquesdumonde.net\/wordpress\/?page_id=2320"},"modified":"2019-01-18T11:07:50","modified_gmt":"2019-01-18T10:07:50","slug":"guy-de-maupassant-1850-1893-en-wagon","status":"publish","type":"page","link":"https:\/\/www.kiosquesdumonde.net\/wordpress\/litterature\/guy-de-maupassant-1850-1893-en-wagon\/","title":{"rendered":"Guy de Maupassant (1850-1893) : En wagon."},"content":{"rendered":"<div style=\"width: 910px; border: 3px solid #BFF0C3; padding: 50px 25px 50px 25px;\">\n<p style=\"text-align: justify;\"><em>Dans cette nouvelle de Maupassant parue en 1885, Mesdames de Sarcagnes, de Vaulacelles et de Bridoie bavardent pr\u00e8s du kiosque \u00e0 musique du parc de Royat : une grave affaire les tourmente. Comment faire venir de Paris leurs fils, \u00e9l\u00e8ves chez les J\u00e9suites, dans un train fr\u00e9quent\u00e9 par des femmes suspectes ? La mission est confi\u00e9e \u00e0 un jeune pr\u00eatre, l&rsquo;abb\u00e9 Lecuir.<\/em><br \/>\n<em>On imagine ais\u00e9ment quel dut \u00eatre l\u2019\u00e9moi du brave abb\u00e9 pr\u00e9cepteur promu soudainement au r\u00f4le de \u00ab sage-homme \u00bb !<\/em><\/p>\n<p style=\"text-align: justify;\"><em>La nouvelle est publi\u00e9e initialement dans le quotidien Gil Blas du 24 mars 1885, avant d&rsquo;\u00eatre reprise dans le recueil \u00ab\u00a0Monsieur Parent\u00a0\u00bb.<\/em><\/p>\n<p><a href=\"http:\/\/www.kiosquesdumonde.net\/coppermine\/displayimage.php?album=150&amp;pos=17\" target=\"_blank\" rel=\"noopener\"><img loading=\"lazy\" decoding=\"async\" class=\"aligncenter wp-image-2323 size-full\" src=\"https:\/\/www.kiosquesdumonde.net\/wordpress\/wp-content\/uploads\/2015\/02\/Royat-ancien-01.jpg\" alt=\"Royat kiosque 1\" width=\"715\" height=\"458\" srcset=\"https:\/\/www.kiosquesdumonde.net\/wordpress\/wp-content\/uploads\/2015\/02\/Royat-ancien-01.jpg 715w, https:\/\/www.kiosquesdumonde.net\/wordpress\/wp-content\/uploads\/2015\/02\/Royat-ancien-01-300x192.jpg 300w, https:\/\/www.kiosquesdumonde.net\/wordpress\/wp-content\/uploads\/2015\/02\/Royat-ancien-01-624x400.jpg 624w\" sizes=\"auto, (max-width: 715px) 100vw, 715px\" \/><\/a><\/p>\n<p>Le soleil allait dispara\u00eetre derri\u00e8re la grande cha\u00eene dont le Puy de D\u00f4me est le g\u00e9ant, et l\u2019ombre des cimes s\u2019\u00e9tendait dans la profonde vall\u00e9e de Royat.<\/p>\n<p>Quelques personnes se promenaient dans le parc, autour du kiosque de la musique. D\u2019autres demeuraient encore assises, par groupes, malgr\u00e9 la fra\u00eecheur du soir.<\/p>\n<p>Dans un de ces groupes on causait avec animation, car il \u00e9tait question d\u2019une grave affaire qui tourmentait beaucoup mesdames de Sarcagnes, de Vaulacelles et de Bridoie. Dans quelques jours allaient commencer les vacances, et il s\u2019agissait de faire venir leurs fils \u00e9lev\u00e9s chez les J\u00e9suites et chez les Dominicains. [&#8230;]<\/p>\n<p><a href=\"http:\/\/fr.wikisource.org\/wiki\/Monsieur_Parent_%28recueil%29\/En_wagon\" target=\"_blank\" rel=\"noopener\">Pour lire la nouvelle in extenso, cliquer ici.<\/a><\/p>\n<\/div>\n","protected":false},"excerpt":{"rendered":"<p>Dans cette nouvelle de Maupassant parue en 1885, Mesdames de Sarcagnes, de Vaulacelles et de Bridoie bavardent pr\u00e8s du kiosque \u00e0 musique du parc de Royat : une grave affaire les tourmente. Comment faire venir de Paris leurs fils, \u00e9l\u00e8ves chez les J\u00e9suites, dans un train fr\u00e9quent\u00e9 par des femmes suspectes ? La mission est [&hellip;]<\/p>\n","protected":false},"author":1,"featured_media":0,"parent":70,"menu_order":20,"comment_status":"closed","ping_status":"closed","template":"page-templates\/full-width.php","meta":{"footnotes":""},"class_list":["post-2320","page","type-page","status-publish","hentry"],"_links":{"self":[{"href":"https:\/\/www.kiosquesdumonde.net\/wordpress\/wp-json\/wp\/v2\/pages\/2320","targetHints":{"allow":["GET"]}}],"collection":[{"href":"https:\/\/www.kiosquesdumonde.net\/wordpress\/wp-json\/wp\/v2\/pages"}],"about":[{"href":"https:\/\/www.kiosquesdumonde.net\/wordpress\/wp-json\/wp\/v2\/types\/page"}],"author":[{"embeddable":true,"href":"https:\/\/www.kiosquesdumonde.net\/wordpress\/wp-json\/wp\/v2\/users\/1"}],"replies":[{"embeddable":true,"href":"https:\/\/www.kiosquesdumonde.net\/wordpress\/wp-json\/wp\/v2\/comments?post=2320"}],"version-history":[{"count":12,"href":"https:\/\/www.kiosquesdumonde.net\/wordpress\/wp-json\/wp\/v2\/pages\/2320\/revisions"}],"predecessor-version":[{"id":6007,"href":"https:\/\/www.kiosquesdumonde.net\/wordpress\/wp-json\/wp\/v2\/pages\/2320\/revisions\/6007"}],"up":[{"embeddable":true,"href":"https:\/\/www.kiosquesdumonde.net\/wordpress\/wp-json\/wp\/v2\/pages\/70"}],"wp:attachment":[{"href":"https:\/\/www.kiosquesdumonde.net\/wordpress\/wp-json\/wp\/v2\/media?parent=2320"}],"curies":[{"name":"wp","href":"https:\/\/api.w.org\/{rel}","templated":true}]}}