{"id":312,"date":"2014-09-12T10:50:42","date_gmt":"2014-09-12T09:50:42","guid":{"rendered":"http:\/\/www.kiosquesdumonde.net\/wordpress\/?page_id=312"},"modified":"2017-03-11T17:49:46","modified_gmt":"2017-03-11T16:49:46","slug":"chanson","status":"publish","type":"page","link":"https:\/\/www.kiosquesdumonde.net\/wordpress\/chanson\/","title":{"rendered":"Chanson"},"content":{"rendered":"<div style=\"text-align: left; padding-left: 30px; padding-right: 30px;\">\n<p style=\"padding-left: 90px;\"><em>Le kiosque \u00e0 musique se retrouve aussi dans les chansons.<\/em><\/p>\n<p style=\"padding-left: 240px;\">&#8230;Je vous ai apport\u00e9 des bonbons&#8230;<br \/>\nEt nous voil\u00e0 sur la Grand&rsquo; Place<br \/>\nSur le kiosque on joue Mozart<br \/>\nMais dites-moi que c&rsquo;est par hasard<br \/>\nQu&rsquo;il y a l\u00e0 votre ami L\u00e9on<br \/>\nSi vous voulez que je c\u00e8de me place<br \/>\nJ&rsquo;avais apport\u00e9 des bonbons&#8230;<\/p>\n<h4 style=\"text-align: center;\"><em>Jacques Brel: Les bonbons &#8211; Paroles et Musique: Jacques Brel 1964 &#8211; \u00a9 Editions Musicales Pouchenel<\/em><\/h4>\n<hr style=\"width: 80 0%; height: 10px; background: #BFF0C3; border-color: #003300;\" \/>\n<p style=\"padding-left: 240px;\">&#8230;Sur tes l\u00e8vres, Louise,<br \/>\nLes miennes sont assises.<br \/>\nJe ne d\u00e9colle plus les fesses<br \/>\nDe ce banc de messe.<br \/>\nTes l\u00e8vres, Louise,<br \/>\nCrois-tu ce qu&rsquo;elles me disent,<br \/>\nOu cette basilique<br \/>\nEst un kiosque \u00e0 musique?&#8230;<\/p>\n<h4 style=\"text-align: center;\"><em>Thomas Fersen: Louise &#8211; Paroles et Musique: Thomas Fersen 1995 &#8211; Album: Les ronds de carottes &#8211; \u00a9 Label : Warner<\/em><\/h4>\n<hr style=\"width: 80 0%; height: 10px; background: #BFF0C3; border-color: #003300;\" \/>\n<p style=\"padding-left: 240px;\">&#8230;Fanent les rayons du soleil<br \/>\nces soir\u00e9es automnales<br \/>\nsont longues et l\u00e9g\u00e8res<br \/>\ndans les all\u00e9es du parc<br \/>\nZ\u00e9nith va nutant<br \/>\nmon esprit t&rsquo;accompagne<br \/>\nSur le kiosque on dit Pr\u00e9vert<br \/>\nhier on jouait Mozart<br \/>\nles amoureux s&rsquo;b\u00e9cotent<br \/>\nau m\u00e9pris des pancartes&#8230;<\/p>\n<h4 style=\"text-align: center;\"><em>Franck Monnet: Les bancs &#8211; Paroles et Musique: Franck Monnet 2000 &#8211; Album : Les embellies &#8211; \u00a9 Label : T\u00f4t ou Tard<\/em><\/h4>\n<hr style=\"width: 80 0%; height: 10px; background: #BFF0C3; border-color: #003300;\" \/>\n<p style=\"padding-left: 240px;\">&#8230;Ce qu&rsquo;on peut rigoler<br \/>\nPar les beaux soirs d&rsquo;\u00e9t\u00e9<br \/>\nSous le kiosque \u00e0 musique<br \/>\nOn entend l&rsquo;orph\u00e9on<br \/>\nLes tambours les clairons<br \/>\nLa fanfare et la clique<br \/>\n&#8230;Et dans tous les concerts<br \/>\nOn joue Mozart ou Wagner<br \/>\nO\u00f9 ? sous le kiosque en plein air&#8230;<\/p>\n<h4 style=\"text-align: center;\"><em>Georges Brassens: Sous le kiosque \u00e0 musique &#8211; Paroles : Vandair &amp; Charlys &#8211; Musique: Marc Lanjean &#8211; Editions Ray Ventura 1938 &#8211; Georges Brassens 1976<\/em><\/h4>\n<hr style=\"width: 80 0%; height: 10px; background: #BFF0C3; border-color: #003300;\" \/>\n<p style=\"padding-left: 240px;\">O\u00f9 sont-ils les petits jardins bucoliques<br \/>\nPetite place de la R\u00e9publique<br \/>\nAvec son kiosque \u00e0 musique<br \/>\nSous-pr\u00e9fet, sous-pr\u00e9f\u00e8te et, jours de f\u00eate<br \/>\nSaxophones et clarinettes?<\/p>\n<h4 style=\"text-align: center;\"><em>Alain Souchon: Le monde change de peau &#8211; Paroles: Alain Souchon &#8211; Musique: Michel Jonasz 1976 &#8211; Album : Bidon &#8211; \u00a9 Label : RCA<\/em><\/h4>\n<hr style=\"width: 80 0%; height: 10px; background: #BFF0C3; border-color: #003300;\" \/>\n<p style=\"padding-left: 240px;\">[&#8230;] Ma guitare, c&rsquo;est ma chapelle<br \/>\nC&rsquo;est mon bateau pour les Indes<br \/>\nC&rsquo;est ma tro\u00efka de vermeil<br \/>\nMon pied \u00e0 terre au bout du monde [&#8230;]<br \/>\n[&#8230;] Ma guitare, mon kiosque \u00e0 musique<br \/>\nMon orph\u00e9on, mon op\u00e9ra<br \/>\nJe t&rsquo;aime d&rsquo;amour et c&rsquo;est physique<br \/>\nContre mon ventre et dans mes bras [&#8230;]<\/p>\n<h4 style=\"text-align: center;\"><em>Patrick Abrial: F\u00e9tiche &#8211; Paroles et Musique: Patrick Abrial et Bernard Le Bellego 1969 d\u2019apr\u00e8s un po\u00e8me de C. Varieras &#8211; Album: Chanson pour Marie &#8211; \u00a9 Label : CBS<\/em><\/h4>\n<hr style=\"width: 80 0%; height: 10px; background: #BFF0C3; border-color: #003300;\" \/>\n<p style=\"padding-left: 240px;\">[&#8230;] Le parc Montsouris c&rsquo;est le domaine<br \/>\nO\u00f9 je prom\u00e8ne mes anomalies<br \/>\nO\u00f9 j&rsquo; me d\u00e9crasse les antennes<br \/>\nDes mesquineries de la vie<br \/>\nY a m\u00eame un kiosque \u00e0 musique<br \/>\no\u00f9 les militaires jouent \u00e0 moiti\u00e9 faux [&#8230;]<\/p>\n<h4 style=\"text-align: center;\"><em>Jacques Higelin: Parc Montsouris &#8211; Paroles et Musique: Jacques Higelin 1988 &#8211; Album: Tomb\u00e9 du ciel &#8211; \u00a9 Label : EMI<\/em><\/h4>\n<hr style=\"width: 80 0%; height: 10px; background: #BFF0C3; border-color: #003300;\" \/>\n<p style=\"padding-left: 240px;\">[&#8230;] Mon seul espoir \u00e9tait qu&rsquo;un beau jour<br \/>\nil pleuve, il pleuve, il pleuve<br \/>\nEt sous le kiosque \u00e0 musique<br \/>\nDu square de la R\u00e9publique<br \/>\nJ&rsquo;aurais aim\u00e9 t&rsquo;inviter \u00e0 venir t&rsquo;abriter<br \/>\n[&#8230;] J&rsquo;ai pris ta main sans rien dire<br \/>\nEt je t&rsquo;ai vue me sourire<\/p>\n<h4 style=\"text-align: center;\"><em>Dave: Le kiosque \u00e0 musique &#8211; Paroles et Musique: P. Loiseau &#8211; G. Matt\u00e9oni 1978 &#8211; Album:<em>Pour que tu me comprennes &#8211; \u00a9 Label : CBS<\/em><\/em><\/h4>\n<hr style=\"width: 80 0%; height: 10px; background: #BFF0C3; border-color: #003300;\" \/>\n<p style=\"padding-left: 240px;\">[&#8230;] \u00c0 l&rsquo;autre bout d&rsquo; la rue, y \u00eates-vous jamais all\u00e9s?<br \/>\nY a un kiosque \u00e0 musique o\u00f9 personne ne vient jouer<br \/>\nQuand il pleut, les passants, un court instant, s&rsquo;y arr\u00eatent<br \/>\n[&#8230;] Vous \u00eates ce kiosque d\u00e9sert<br \/>\nCette maison des courants d&rsquo;air<br \/>\nOuverte de tous les c\u00f4t\u00e9s<br \/>\nEt chacun vient s&rsquo;y abriter<br \/>\n[&#8230;] On f\u00eate l&rsquo;anniversaire d&rsquo;une vieille r\u00e9volution<br \/>\nAu kiosque on a offert un beau collier de lampions<br \/>\nUn homme fait des discours sur la paix et sur la guerre<br \/>\nApprochez, approchez, voil\u00e0 la r&rsquo;vue militaire<br \/>\nUne triste fanfare fait trembler les poteaux<br \/>\nEt le vieux toit bizarre o\u00f9 flottent des drapeaux<\/p>\n<h4 style=\"text-align: center;\"><em>Mich\u00e8le Bernard: Le kiosque &#8211; Paroles et Musique: Mich\u00e8le Bernard 1978 &#8211; Album:<em>Le kiosque &#8211; \u00a9 Label : Ecoute s&rsquo;il pleut<\/em><\/em><\/h4>\n<hr style=\"width: 80 0%; height: 10px; background: #BFF0C3; border-color: #003300;\" \/>\n<\/div>\n","protected":false},"excerpt":{"rendered":"<p>Le kiosque \u00e0 musique se retrouve aussi dans les chansons. &#8230;Je vous ai apport\u00e9 des bonbons&#8230; Et nous voil\u00e0 sur la Grand&rsquo; Place Sur le kiosque on joue Mozart Mais dites-moi que c&rsquo;est par hasard Qu&rsquo;il y a l\u00e0 votre ami L\u00e9on Si vous voulez que je c\u00e8de me place J&rsquo;avais apport\u00e9 des bonbons&#8230; Jacques [&hellip;]<\/p>\n","protected":false},"author":1,"featured_media":0,"parent":0,"menu_order":5,"comment_status":"closed","ping_status":"closed","template":"page-templates\/full-width.php","meta":{"footnotes":""},"class_list":["post-312","page","type-page","status-publish","hentry"],"_links":{"self":[{"href":"https:\/\/www.kiosquesdumonde.net\/wordpress\/wp-json\/wp\/v2\/pages\/312","targetHints":{"allow":["GET"]}}],"collection":[{"href":"https:\/\/www.kiosquesdumonde.net\/wordpress\/wp-json\/wp\/v2\/pages"}],"about":[{"href":"https:\/\/www.kiosquesdumonde.net\/wordpress\/wp-json\/wp\/v2\/types\/page"}],"author":[{"embeddable":true,"href":"https:\/\/www.kiosquesdumonde.net\/wordpress\/wp-json\/wp\/v2\/users\/1"}],"replies":[{"embeddable":true,"href":"https:\/\/www.kiosquesdumonde.net\/wordpress\/wp-json\/wp\/v2\/comments?post=312"}],"version-history":[{"count":63,"href":"https:\/\/www.kiosquesdumonde.net\/wordpress\/wp-json\/wp\/v2\/pages\/312\/revisions"}],"predecessor-version":[{"id":4550,"href":"https:\/\/www.kiosquesdumonde.net\/wordpress\/wp-json\/wp\/v2\/pages\/312\/revisions\/4550"}],"wp:attachment":[{"href":"https:\/\/www.kiosquesdumonde.net\/wordpress\/wp-json\/wp\/v2\/media?parent=312"}],"curies":[{"name":"wp","href":"https:\/\/api.w.org\/{rel}","templated":true}]}}