{"id":3164,"date":"2015-12-07T17:49:31","date_gmt":"2015-12-07T16:49:31","guid":{"rendered":"http:\/\/www.kiosquesdumonde.net\/wordpress\/?page_id=3164"},"modified":"2017-02-15T13:52:32","modified_gmt":"2017-02-15T12:52:32","slug":"patrick-modiano-1945-villa-triste","status":"publish","type":"page","link":"https:\/\/www.kiosquesdumonde.net\/wordpress\/litterature\/patrick-modiano-1945-villa-triste\/","title":{"rendered":"Patrick Modiano (1945-&#8230;) : Villa Triste"},"content":{"rendered":"<div style=\"width: 910px; border: 3px solid #BFF0C3; padding: 50px 25px 50px 25px;\">\n<p style=\"text-align: justify;\"><em>Se rem\u00e9morant les \u00e9v\u00e8nements survenus douze ans auparavant, un jeune homme de dix-huit ans fuyant manifestement la conscription et se pr\u00e9sentant sous le nom d&#8217;emprunt russe de \u00abcomte Victor Chmara\u00bb, \u00e9voque sa rencontre en 1962-1963 dans une ville de province pr\u00e8s de la fronti\u00e8re franco-suisse avec Yvonne Jacquet.<\/em><\/p>\n<p style=\"text-align: justify;\"><em>La ville d\u2019Annecy n\u2019est jamais nomm\u00e9e, mentionn\u00e9e uniquement par \u00ab A\u2026 \u00bb, mais elle pr\u00e9sente toutes les caract\u00e9ristiques d\u2019Annecy o\u00f9 Patrick Modiano a v\u00e9cu comme pensionnaire.<\/em><\/p>\n<p style=\"text-align: justify;\"><em>Sur l\u2019Esplanade du P\u00e2quier se trouvait un kiosque \u00e0 musique construit en 1881 et disparu dans les ann\u00e9es 1960.<\/em><\/p>\n<p style=\"text-align: justify;\">[&#8230;] La rue Royale, elle, n&rsquo;a pas chang\u00e9, mais \u00e0 cause de l&rsquo;hiver et de l&rsquo;heure tardive, on a l&rsquo;impression, en la suivant, de traverser une ville morte. Vitrines de la librairie Chez Cl\u00e9ment Marot, d&rsquo;Horowitz le bijoutier, Deauville, Gen\u00e8ve, Le Touquet, et de la p\u00e2tisserie anglaise Fidel-Berger&#8230; Plus loin, le salon de coiffure Ren\u00e9 Pigault. Vitrines d&rsquo;Henri \u00e0 la Pens\u00e9e. La plupart de ces magasins de luxe sont ferm\u00e9s en dehors de la saison. Quand commencent les arcades, on voit briller, au bout, \u00e0 gauche, le n\u00e9on rouge et vert du Cintra. Sur le trottoir oppos\u00e9, au coin de la rue Royale et de la place du P\u00e2quier, la Taverne, que fr\u00e9quentait la jeunesse pendant l&rsquo;\u00e9t\u00e9. Est-ce toujours la m\u00eame client\u00e8le aujourd&rsquo;hui?<br \/>\nPlus rien ne reste du grand caf\u00e9, de ses lustres, de ses glaces, et des tables \u00e0 parasols qui d\u00e9bordaient sur la chauss\u00e9e. Vers huit heures du soir, des all\u00e9es et venues se faisaient de table \u00e0 table, des groupes se formaient. Eclats de rire. Cheveux blonds. Tintements des verres. Chapeaux de paille. De temps en temps un peignoir de plage ajoutait sa note bariol\u00e9e. On se pr\u00e9parait pour les festivit\u00e9s de la nuit.<\/p>\n<p style=\"text-align: justify;\">A droite, l\u00e0-bas, le Casino, une construction blanche et massive, n&rsquo;ouvre que de juin \u00e0 septembre. L&rsquo;hiver, la bourgeoisie locale bridge deux fois par semaine dans la salle de baccara et le grill-room sert de lieu de r\u00e9union au Rotary Club du d\u00e9partement. Derri\u00e8re, le parc d&rsquo;Albigny descend en pente tr\u00e8s douce jusqu&rsquo;au lac avec ses saules pleureurs, son kiosque \u00e0 musique et l&#8217;embarcad\u00e8re d&rsquo;o\u00f9 l&rsquo;on prend le bateau v\u00e9tuste qui fait la navette entre les petites localit\u00e9s du bord de l&rsquo;eau: Veyrier, Chavoire, Saint-Jorioz, Eilan-Roc, Port-Lusatz&#8230; Trop d&rsquo;\u00e9num\u00e9rations. Mais il faut chantonner certains mots, inlassablement, sur un air de berceuse.<\/p>\n<p style=\"text-align: justify;\">On suit l&rsquo;avenue d&rsquo;Albigny, bord\u00e9e de platanes. Elle longe le lac et au moment o\u00f9 elle s&rsquo;incurve vers la droite, on distingue un portail en bois blanc: l&rsquo;entr\u00e9e du Sporting. De chaque c\u00f4t\u00e9 d&rsquo;une all\u00e9e de gravier, plusieurs courts de tennis. Ensuite, il suffit de fermer les yeux pour se rappeler la longue rang\u00e9e de cabines et la plage de sable qui s&rsquo;\u00e9tend sur pr\u00e8s de trois cents m\u00e8tres. A l&rsquo;arri\u00e8re-plan, un jardin anglais entourant le bar et le restaurant du Sporting, install\u00e9s dans une ancienne orangerie. [&#8230;]<\/p>\n<h4>Modiano, Patrick, <em>Villa Triste<\/em>, roman, \u00c9ditions Gallimard, 1975, (ISBN 2070369536)<\/h4>\n<p><em>Ce roman a \u00e9t\u00e9 adapt\u00e9 au cin\u00e9ma en 1994 par Patrice Leconte dans son film \u00ab\u00a0Le Parfum d&rsquo;Yvonne\u00a0\u00bb<\/em>.<\/p>\n<\/div>\n","protected":false},"excerpt":{"rendered":"<p>Se rem\u00e9morant les \u00e9v\u00e8nements survenus douze ans auparavant, un jeune homme de dix-huit ans fuyant manifestement la conscription et se pr\u00e9sentant sous le nom d&#8217;emprunt russe de \u00abcomte Victor Chmara\u00bb, \u00e9voque sa rencontre en 1962-1963 dans une ville de province pr\u00e8s de la fronti\u00e8re franco-suisse avec Yvonne Jacquet. La ville d\u2019Annecy n\u2019est jamais nomm\u00e9e, mentionn\u00e9e [&hellip;]<\/p>\n","protected":false},"author":1,"featured_media":0,"parent":70,"menu_order":22,"comment_status":"closed","ping_status":"closed","template":"page-templates\/full-width.php","meta":{"footnotes":""},"class_list":["post-3164","page","type-page","status-publish","hentry"],"_links":{"self":[{"href":"https:\/\/www.kiosquesdumonde.net\/wordpress\/wp-json\/wp\/v2\/pages\/3164","targetHints":{"allow":["GET"]}}],"collection":[{"href":"https:\/\/www.kiosquesdumonde.net\/wordpress\/wp-json\/wp\/v2\/pages"}],"about":[{"href":"https:\/\/www.kiosquesdumonde.net\/wordpress\/wp-json\/wp\/v2\/types\/page"}],"author":[{"embeddable":true,"href":"https:\/\/www.kiosquesdumonde.net\/wordpress\/wp-json\/wp\/v2\/users\/1"}],"replies":[{"embeddable":true,"href":"https:\/\/www.kiosquesdumonde.net\/wordpress\/wp-json\/wp\/v2\/comments?post=3164"}],"version-history":[{"count":13,"href":"https:\/\/www.kiosquesdumonde.net\/wordpress\/wp-json\/wp\/v2\/pages\/3164\/revisions"}],"predecessor-version":[{"id":3720,"href":"https:\/\/www.kiosquesdumonde.net\/wordpress\/wp-json\/wp\/v2\/pages\/3164\/revisions\/3720"}],"up":[{"embeddable":true,"href":"https:\/\/www.kiosquesdumonde.net\/wordpress\/wp-json\/wp\/v2\/pages\/70"}],"wp:attachment":[{"href":"https:\/\/www.kiosquesdumonde.net\/wordpress\/wp-json\/wp\/v2\/media?parent=3164"}],"curies":[{"name":"wp","href":"https:\/\/api.w.org\/{rel}","templated":true}]}}