{"id":403,"date":"2014-09-16T20:39:39","date_gmt":"2014-09-16T19:39:39","guid":{"rendered":"http:\/\/www.kiosquesdumonde.net\/wordpress\/?page_id=403"},"modified":"2017-02-15T13:53:56","modified_gmt":"2017-02-15T12:53:56","slug":"anne-perry-1938-le-bourreau-de-hyde-park","status":"publish","type":"page","link":"https:\/\/www.kiosquesdumonde.net\/wordpress\/litterature\/anne-perry-1938-le-bourreau-de-hyde-park\/","title":{"rendered":"Anne Perry (1938-\u2026) : Le bourreau de Hyde Park"},"content":{"rendered":"<div style=\"width: 910px; border: 3px solid #BFF0C3; padding: 50px 25px 50px 25px;\">\n<p><em>Londres vers 1880. La d\u00e9couverte de corps d\u00e9capit\u00e9s dans Hyde Park fait resurgir une peur que les londoniens n&rsquo;avaient plus ressentie depuis Jack l&rsquo;\u00c9ventreur. Et si Thomas Pitt, r\u00e9cemment promu commissaire, ne trouve pas tr\u00e8s vite le coupable, on ne donne pas cher de sa t\u00eate ! Un premier cadavre est retrouv\u00e9 sur un bateau, puis un second dans un kiosque \u00e0 musique. Les indices sont bien maigres. Y a-t-il un point commun entre les victimes, un officier de marine respect\u00e9, et un musicien?<\/em><\/p>\n<p style=\"text-align: justify;\">[\u2026] Tom Iles \u00e9tait un trompettiste m\u00e9diocre, mais plein d&rsquo;enthousiasme. Rien n&rsquo;aurait pu entamer sa joie d&rsquo;aller jouer de bon matin, tandis qu&rsquo;il avan\u00e7ait \u00e0 grands pas dans Hyde Park, en direction du kiosque \u00e0 musique; il chantonnait, en balan\u00e7ant l&rsquo;\u00e9tui en cuir qui contenait son instrument. Sa partition \u00e9tait pli\u00e9e dans sa poche, ce qui la rendait plus difficile \u00e0 d\u00e9chiffrer, mais plus simple \u00e0 transporter.<br \/>\nIl comptait bien \u00eatre le premier arriv\u00e9 au kiosque \u00e0 musique; c&rsquo;\u00e9tait d&rsquo;ailleurs tr\u00e8s souvent le cas. Et ce jour-l\u00e0, il \u00e9tait encore plus en avance que d&rsquo;habitude. La lumi\u00e8re de l&rsquo;aube jetait des reflets turquoise sur l&rsquo;herbe charg\u00e9e de ros\u00e9e. Des nu\u00e9es de moineaux piaillaient dans les arbres.<br \/>\n<a href=\"http:\/\/www.kiosquesdumonde.net\/coppermine\/displayimage.php?album=131&amp;pos=15\"><img loading=\"lazy\" decoding=\"async\" class=\"aligncenter wp-image-420 size-full\" src=\"https:\/\/www.kiosquesdumonde.net\/wordpress\/wp-content\/uploads\/2014\/09\/London-Hydepark-02-e1416148290552.jpg\" alt=\"\" width=\"508\" height=\"625\" \/><\/a><a href=\"http:\/\/www.kiosquesdumonde.net\/coppermine\/displayimage.php?album=131&amp;pos=15\" target=\"_blank\"><em>Le kiosque de Hyde Park \u00e0 Londres<\/em><\/a><\/p>\n<p style=\"text-align: justify;\">Le trompettiste aper\u00e7ut le contour octogonal du kiosque et allongea le pas en fredonnant. Il s&rsquo;arr\u00eata brusquement, surpris et agac\u00e9 de constater qu&rsquo;il n&rsquo;\u00e9tait pas le premier arrivant : un homme somnolait sur l&rsquo;une des chaises.<br \/>\n&#8211; \u00ab\u00a0\u00c7a, c&rsquo;est le bouquet ! Que les indigents passent la nuit dehors, mais pas dans mon kiosque \u00e0 musique!\u00a0\u00bb songea Tom IIes, qui d\u00e9cida de lui dire sa fa\u00e7on de penser.<br \/>\n&#8211; Bonjour, monsieur! cria-t-il. Vous&#8230; vous ne pouvez pas rester l\u00e0, voyez-vous. Vous \u00eates dans un kiosque \u00e0 musique, et la r\u00e9p\u00e9tition va commencer d&rsquo;un moment \u00e0 l&rsquo;autre. Monsieur? Vous m&rsquo;entendez?<br \/>\nL&rsquo;homme \u00e9tait si pench\u00e9 en avant que l&rsquo;on ne voyait pas sa t\u00eate.<br \/>\n&#8211; Monsieur ! r\u00e9p\u00e9ta Tom Iles en gravissant la premi\u00e8re marche du kiosque.<br \/>\nMais il manqua la deuxi\u00e8me, sans raison ; ses jambes c\u00e9d\u00e8rent sous lui, et il tomba sur les mains, en se faisant tr\u00e8s mal. Son c\u0153ur battait si fort qu&rsquo;il sentait le sang cogner \u00e0 ses tempes ; sa gorge \u00e9tait s\u00e8che.<br \/>\nIl se releva lentement. Oui, la vision \u00e9tait encore l\u00e0. Il n&rsquo;avait pas r\u00eav\u00e9 : 1&rsquo;homme n\u2019avait pas de t\u00eate. Celle-ci se trouvait \u00e0 ses pieds, un peu sur sa gauche, face contre terre. Dieu merci. Tom Iles ne vit que des cheveux noirs, stri\u00e9s de gris.<br \/>\nIl resta plusieurs minutes \u00e0 genoux. Ses forces l&rsquo;avaient quitt\u00e9. Il tremblait comme s&rsquo;il venait de soulever un \u00e9norme poids. Il eut envie de vomir.<br \/>\nIl devait bien y avoir un agent de police qui faisait sa ronde dans le parc. Le trouver, \u00e0 tout prix. Mais d\u2019abord se relever. Non, pas tout de suite. Attendre que les arbres cessent de tournoyer autour de lui et que la temp\u00eate dans son estomac s&rsquo;apaise&#8230; [\u2026]<\/p>\n<p style=\"text-align: justify;\">[\u2026] &#8211; Arledge, monsieur, annon\u00e7a Tellman. Aidan Arledge.<br \/>\nIl \u00e9tait huit heures et demie du matin et Tellman, \u00e9puis\u00e9, \u00e9tait au rapport dans le bureau de Pitt.<br \/>\n&#8211; D\u00e9couvert dans le kiosque \u00e0 musique, ce matin \u00e0 sept heures moins le quart, par un trompettiste arriv\u00e9 en avance \u00e0 sa r\u00e9p\u00e9tition.<br \/>\n&#8211; D\u00e9capit\u00e9, j&rsquo;imagine? Sinon vous ne seriez pas venu me pr\u00e9venir si vite.<br \/>\n&#8211; Oui, monsieur. La t\u00eate tranch\u00e9e, pos\u00e9e \u00e0 ses pieds, expliqua Tellman avec quelque chose qui ressemblait \u00e0 de la satisfaction. [\u2026]<\/p>\n<p style=\"text-align: justify;\">[\u2026] Qui \u00e9tait donc Aidan Arledge et pourquoi l&rsquo;avait-on si sauvagement assassin\u00e9, alors qu&rsquo;il se promenait seul dans Hyde Park? Non, pas n\u00e9cessairement dans Hyde Park. Mais o\u00f9?<br \/>\nUn passant se heurta \u00e0 lui, s&rsquo;excusa s\u00e8chement et poursuivit son chemin.<br \/>\n&#8211; H\u00e9, chef! Le journal? cria un gamin d\u00e9guenill\u00e9. Macabre d\u00e9couverte dans le kiosque \u00e0 musique de Hyde Park! Encore un cadavre d\u00e9capit\u00e9! Un fou furieux se prom\u00e8ne en libert\u00e9 dans les rues de Londres ! Que fait la police? H\u00e9, chef, vous le voulez ou pas? Tout est \u00e9crit l\u00e0-dedans !<br \/>\nPitt tendit une pi\u00e9cette au gamin, prit le journal et s&rsquo;appuya contre un mur pour le lire. L&rsquo;article \u00e9tait aussi consternant que la une, du sensationnel, des conjectures et la sempiternelle critique de la police. [\u2026]<\/p>\n<p>[\u2026] &#8211; Dois-je demander \u00e0 Mr. Tellman de s&rsquo;en occuper, monsieur? demanda Bailey en sortant un sachet de berlingots de sa poche.<br \/>\n&#8211; Non. Je m&rsquo;en occupe, Bailey. Vous, t\u00e2chez de trouvez l&rsquo;endroit o\u00f9 Arledge a \u00e9t\u00e9 assassin\u00e9 et aussi comment on l&rsquo;a transport\u00e9 jusqu&rsquo;au kiosque \u00e0 musique. Une telle quantit\u00e9 de sang ne doit pas passer inaper\u00e7ue, nom d&rsquo;une pipe!<br \/>\n&#8211; Comment on l&rsquo;a transport\u00e9? s&rsquo;\u00e9tonna Bailey. Ben, on a d\u00fb le porter, je suppose. Quand vous venez de couper la t\u00eate \u00e0 quelqu&rsquo;un, un peu de sang sur vos habits, c&rsquo;est pas \u00e7a qui vous d\u00e9range&#8230;<br \/>\n&#8211; C&rsquo;est tout de m\u00eame risqu\u00e9, de se promener avec un cadavre sans t\u00eate dans un parc, remarqua Pitt. Et pourquoi l&rsquo;avoir d\u00e9plac\u00e9, au lieu de le laisser tout simplement l\u00e0 o\u00f9 il \u00e9tait? Cela voudrait dire que le lieu du crime nous m\u00e8nerait directement \u00e0 l&rsquo;assassin. [\u2026]<\/p>\n<p style=\"text-align: justify;\">[\u2026] Il commen\u00e7a \u00e0 \u00e9num\u00e9rer les faits qu&rsquo;il connaissait.<br \/>\n&#8211; Winthrop a \u00e9t\u00e9 tu\u00e9 dans une embarcation, ce qui indique qu&rsquo;il n&rsquo;avait pas peur de son assassin. Il a \u00e9t\u00e9 frapp\u00e9 par-derri\u00e8re, puis d\u00e9capit\u00e9, vers minuit. Arledge aussi a \u00e9t\u00e9 assomm\u00e9, mais tu\u00e9 ailleurs que dans le kiosque \u00e0 musique o\u00f9 son cadavre a \u00e9t\u00e9 trouv\u00e9. Il peut ou non avoir connu son meurtrier, mais, ce qui est s\u00fbr, c&rsquo;est que son corps a \u00e9t\u00e9 d\u00e9plac\u00e9. J&rsquo;ai en ce moment m\u00eame une demi-douzaine d&rsquo;hommes qui cherche lieu du crime.<br \/>\n-Bon sang de bon sang, il ne peut pas \u00eatre loin! Sur quelle distance peut-on d\u00e9placer un cadavre sans t\u00eate au c\u0153ur de Londres sans se faire remarquer, m\u00eame au milieu de la nuit? [\u2026]<\/p>\n<h4>PERRY, Anne, <em>Le bourreau de Hyde Park<\/em>, roman traduit de l&rsquo;anglais par Anne-Marie Carri\u00e8re, Paris, Editions 10\/18 collection Grands d\u00e9tectives, 2003, 410 p. (ISBN 2\u2013264\u201303518\u20138)<br \/>\nTitre original : <em>The Hyde Park Headsman<\/em>, 1994.<\/h4>\n<\/div>\n","protected":false},"excerpt":{"rendered":"<p>Londres vers 1880. La d\u00e9couverte de corps d\u00e9capit\u00e9s dans Hyde Park fait resurgir une peur que les londoniens n&rsquo;avaient plus ressentie depuis Jack l&rsquo;\u00c9ventreur. Et si Thomas Pitt, r\u00e9cemment promu commissaire, ne trouve pas tr\u00e8s vite le coupable, on ne donne pas cher de sa t\u00eate ! Un premier cadavre est retrouv\u00e9 sur un bateau, [&hellip;]<\/p>\n","protected":false},"author":1,"featured_media":0,"parent":70,"menu_order":25,"comment_status":"closed","ping_status":"closed","template":"page-templates\/full-width.php","meta":{"footnotes":""},"class_list":["post-403","page","type-page","status-publish","hentry"],"_links":{"self":[{"href":"https:\/\/www.kiosquesdumonde.net\/wordpress\/wp-json\/wp\/v2\/pages\/403","targetHints":{"allow":["GET"]}}],"collection":[{"href":"https:\/\/www.kiosquesdumonde.net\/wordpress\/wp-json\/wp\/v2\/pages"}],"about":[{"href":"https:\/\/www.kiosquesdumonde.net\/wordpress\/wp-json\/wp\/v2\/types\/page"}],"author":[{"embeddable":true,"href":"https:\/\/www.kiosquesdumonde.net\/wordpress\/wp-json\/wp\/v2\/users\/1"}],"replies":[{"embeddable":true,"href":"https:\/\/www.kiosquesdumonde.net\/wordpress\/wp-json\/wp\/v2\/comments?post=403"}],"version-history":[{"count":17,"href":"https:\/\/www.kiosquesdumonde.net\/wordpress\/wp-json\/wp\/v2\/pages\/403\/revisions"}],"predecessor-version":[{"id":1838,"href":"https:\/\/www.kiosquesdumonde.net\/wordpress\/wp-json\/wp\/v2\/pages\/403\/revisions\/1838"}],"up":[{"embeddable":true,"href":"https:\/\/www.kiosquesdumonde.net\/wordpress\/wp-json\/wp\/v2\/pages\/70"}],"wp:attachment":[{"href":"https:\/\/www.kiosquesdumonde.net\/wordpress\/wp-json\/wp\/v2\/media?parent=403"}],"curies":[{"name":"wp","href":"https:\/\/api.w.org\/{rel}","templated":true}]}}