{"id":407,"date":"2014-09-16T20:41:51","date_gmt":"2014-09-16T19:41:51","guid":{"rendered":"http:\/\/www.kiosquesdumonde.net\/wordpress\/?page_id=407"},"modified":"2017-11-11T14:27:32","modified_gmt":"2017-11-11T13:27:32","slug":"louis-nucera-1928-2000-le-kiosque-a-musique-4","status":"publish","type":"page","link":"https:\/\/www.kiosquesdumonde.net\/wordpress\/litterature\/louis-nucera-1928-2000-le-kiosque-a-musique-4\/","title":{"rendered":"Louis Nucera (1928-2000) : Le Kiosque \u00e0 musique"},"content":{"rendered":"<div style=\"width: 910px; border: 3px solid #BFF0C3; padding: 50px 25px 50px 25px;\"><em>Ils se sont rencontr\u00e9s sur la plage, ils se sont revus souvent, se sont aim\u00e9s et \u00e9pous\u00e9s.<br \/>\nDe Nice \u00e0 Montmartre, \u00e0 partir du kiosque \u00e0 musique de Nice, lieu du premier rendez-vous, c&rsquo;est la vie de Mireille et de Jean qui nous est cont\u00e9e.<br \/>\nDe l&rsquo;\u00e9t\u00e9 1958 \u00e0 aujourd&rsquo;hui, les ann\u00e9es s&rsquo;\u00e9coulent, centr\u00e9es autour d&rsquo;un sentiment lumineux qui rythme le tout. Et puis, comme toujours avec Louis Nucera, passent des gens simples et humbles, toute une galerie de portraits inoubliables. Louis Nucera a re\u00e7u, \u00e0 titre posthume, le prix litt\u00e9raire populiste 2005 qui r\u00e9compense une \u0153uvre romanesque qui \u00ab\u00a0pr\u00e9f\u00e8re les gens du peuple comme personnage et les milieux populaires comme d\u00e9cors \u00e0 condition qu\u2019il s\u2019en d\u00e9gage une authentique humanit\u00e9\u00a0\u00bb.<\/em><\/p>\n<p style=\"text-align: justify;\">[\u2026] Sept heures avaient sonn\u00e9. Comme si soudain les mots ne rendaient service qu&rsquo;\u00e0 ceux qui n&rsquo;ont rien \u00e0 dire, nous nous t\u00fbmes. L\u00e0-bas, au bout du couchant, comme d&rsquo;habitude, mer et azur mijotaient des sortil\u00e8ges; ils se propageaient partout. Dress\u00e9s vers le ciel, les palmiers, immuables, ne bougeaient pas : nul vent ne les caressait. De d\u00e9guerpir si vite, chaque minute me meurtrissait.<br \/>\nVint le moment o\u00f9 il lui fallut rentrer. Je l&rsquo;accompagnai \u00e0 proximit\u00e9 de chez elle, \u00e0 l&rsquo;arr\u00eat de l&rsquo;autobus. \u00ab\u00a0Nous n&rsquo;habitons pas loin l&rsquo;un de l&rsquo;autre et nous ne nous sommes jamais aper\u00e7us\u00a0\u00bb, dis-je. Elle se retourna \u00e0 plusieurs reprises avant de dispara\u00eetre. On se reverrait dans deux jours, \u00e0 la sortie du travail, devant le kiosque \u00e0 musique, jardin Albert-I\u00a0\u00bb. C&rsquo;\u00e9tait promis. Nous avions d\u00e9cid\u00e9 de l&rsquo;endroit sans trop chercher. Mon p\u00e8re et ma m\u00e8re aussi se retrouv\u00e8rent l\u00e0, pour leur premier rendez-vous. C&rsquo;\u00e9tait en 1925. [\u2026]<\/p>\n<p style=\"text-align: justify;\">[\u2026] \u00ab\u00a0Bonjour, Jean.\u00a0\u00bb<br \/>\nJe ne l&rsquo;ai pas vue arriver. J&rsquo;\u00e9tais l\u00e0 \u00e0 r\u00eavasser, \u00e0 me faire un peu peur aussi : et si elle ne venait pas? Ce n&rsquo;est pas le d\u00e9sir de bonheur qui me fait d\u00e9faut ; mais la confiance en la vie n&rsquo;est pas mon fort. Je me d\u00e9pla\u00e7ais lentement aux abords du kiosque \u00e0 musique. Mon p\u00e8re en \u00e9tait un auditeur assidu. \u201c Il adorait surtout le piston \u201d, me disait ma m\u00e8re comme s&rsquo;il s&rsquo;agissait d&rsquo;une singularit\u00e9 en tout point remarqua ble. Le dimanche, souvent, au cours des mois de concert en plein air &#8211; de mars \u00e0 novembre &#8211; elle et lui louaient leurs chaises \u00e0 cinq sous et \u00e9coutaient Puccini ou Meyerbeer. Tout gosse, je m&rsquo;asseyais sur les genoux de l&rsquo;un ou de l&rsquo;autre, sans doute impatient d&rsquo;aller jouer pr\u00e8s de la grotte et du grand bassin, l\u00e0 o\u00f9, \u00e9pat\u00e9s de beaut\u00e9, tr\u00e8s au-dessus du reste du monde, les cygnes voguaient. [&#8230;]<br \/>\n<a href=\"http:\/\/www.kiosquesdumonde.net\/coppermine\/displayimage.php?album=4&amp;pos=29\"><img loading=\"lazy\" decoding=\"async\" class=\"aligncenter wp-image-414 size-full\" src=\"https:\/\/www.kiosquesdumonde.net\/wordpress\/wp-content\/uploads\/2014\/09\/Nice-09-e1416146435892.jpg\" alt=\"\" width=\"625\" height=\"352\" \/><\/a><a href=\"http:\/\/www.kiosquesdumonde.net\/coppermine\/displayimage.php?album=4&amp;pos=21\" target=\"_blank\" rel=\"noopener\"><em>le kiosque de Nice<\/em><\/a><\/p>\n<p style=\"text-align: justify;\">[&#8230;] Alors commenc\u00e8rent des temps heureux puisque nous \u00e9tions souvent ensemble. A midi et le soir j&rsquo;allais la chercher au bureau. Le samedi apr\u00e8s-midi, le dimanche, nous sortions. On se promenait, on se baignait; on apprenait \u00e0 se conna\u00eetre.<br \/>\nParfois, nous nous arr\u00eations devant le kiosque \u00e0 musique. \u201c Bonjour, Jean \u201d, chuchotait Mireille \u00e0 mon oreille. Le premier rendez-vous recommen\u00e7ait. Il advenait que nous assistions \u00e0 des concerts. Musiques militaires, ouvertures, symphonies, ballets se succ\u00e9daient. Les soixante-dix musiciens, de bleu p\u00e9trole v\u00eatus, \u00e9taient tr\u00e8s applaudis. Quand retentissaient des cornets \u00e0 piston, ma m\u00e8re m&rsquo;apparaissait. Elle avait son sourire timide et tendre, celui que dessinaient ses l\u00e8vres quand elle \u00e9voquait mon p\u00e8re et qui lui mouillait les yeux. Ce sourire ne s&rsquo;est pas fig\u00e9 dans ma t\u00eate. Je l&rsquo;ai pieusement conserv\u00e9. Il vit. La grotte et ses myst\u00e8res ont disparu. Les bateaux des gamins naviguent dans un bassin moins tarabiscot\u00e9. Les cygnes ont pris leur envol. La qualit\u00e9 de l\u2019azur les y incitait, sans doute. [&#8230;]<\/p>\n<p style=\"text-align: justify;\">[&#8230;] Sous le kiosque \u00e0 musique le chef \u00e9tait celui qui, d\u00e9j\u00e0, dirigeait il y avait vingt-cinq ans. Nous le reconnaissions. Un galon or sur chaque \u00e9paule, trois galons sur les manches, deux lyres cousues sur le col, il maniait la baguette avec sobri\u00e9t\u00e9. A pr\u00e9sent, les vestes des musiciens \u00e9taient blanches. Nous avons pris deux chaises \u00e0 un franc et un programme.\u201c Concert donn\u00e9 par La Musique municipale de Nice venue de sous la direction de Georges Truchi \u201d ; morceaux vifs, nostalgiques, descriptifs, all\u00e8gres et de concours se succ\u00e9daient. Les jeunes nous semblaient plus nombreux parmi les ex\u00e9cutants que dans le public. Une s\u00e9lection du Trouv\u00e8re terminait la s\u00e9ance. Les bravos \u00e9taient juv\u00e9niles. [&#8230;]<\/p>\n<h4>NUCERA, Louis, <em>Le kiosque \u00e0 musique<\/em>, Editions Grasset &amp; Fasquelle, 1984 (ISBN 2 \u2013 246 \u2013 33751\u2013 8)<\/h4>\n<\/div>\n","protected":false},"excerpt":{"rendered":"<p>Ils se sont rencontr\u00e9s sur la plage, ils se sont revus souvent, se sont aim\u00e9s et \u00e9pous\u00e9s. De Nice \u00e0 Montmartre, \u00e0 partir du kiosque \u00e0 musique de Nice, lieu du premier rendez-vous, c&rsquo;est la vie de Mireille et de Jean qui nous est cont\u00e9e. De l&rsquo;\u00e9t\u00e9 1958 \u00e0 aujourd&rsquo;hui, les ann\u00e9es s&rsquo;\u00e9coulent, centr\u00e9es autour [&hellip;]<\/p>\n","protected":false},"author":1,"featured_media":0,"parent":70,"menu_order":24,"comment_status":"closed","ping_status":"closed","template":"page-templates\/full-width.php","meta":{"footnotes":""},"class_list":["post-407","page","type-page","status-publish","hentry"],"_links":{"self":[{"href":"https:\/\/www.kiosquesdumonde.net\/wordpress\/wp-json\/wp\/v2\/pages\/407","targetHints":{"allow":["GET"]}}],"collection":[{"href":"https:\/\/www.kiosquesdumonde.net\/wordpress\/wp-json\/wp\/v2\/pages"}],"about":[{"href":"https:\/\/www.kiosquesdumonde.net\/wordpress\/wp-json\/wp\/v2\/types\/page"}],"author":[{"embeddable":true,"href":"https:\/\/www.kiosquesdumonde.net\/wordpress\/wp-json\/wp\/v2\/users\/1"}],"replies":[{"embeddable":true,"href":"https:\/\/www.kiosquesdumonde.net\/wordpress\/wp-json\/wp\/v2\/comments?post=407"}],"version-history":[{"count":19,"href":"https:\/\/www.kiosquesdumonde.net\/wordpress\/wp-json\/wp\/v2\/pages\/407\/revisions"}],"predecessor-version":[{"id":5189,"href":"https:\/\/www.kiosquesdumonde.net\/wordpress\/wp-json\/wp\/v2\/pages\/407\/revisions\/5189"}],"up":[{"embeddable":true,"href":"https:\/\/www.kiosquesdumonde.net\/wordpress\/wp-json\/wp\/v2\/pages\/70"}],"wp:attachment":[{"href":"https:\/\/www.kiosquesdumonde.net\/wordpress\/wp-json\/wp\/v2\/media?parent=407"}],"curies":[{"name":"wp","href":"https:\/\/api.w.org\/{rel}","templated":true}]}}