{"id":432,"date":"2014-09-17T13:50:24","date_gmt":"2014-09-17T12:50:24","guid":{"rendered":"http:\/\/www.kiosquesdumonde.net\/wordpress\/?page_id=432"},"modified":"2017-02-15T13:56:43","modified_gmt":"2017-02-15T12:56:43","slug":"arthur-rimbaud-1854-1891-a-la-musique","status":"publish","type":"page","link":"https:\/\/www.kiosquesdumonde.net\/wordpress\/litterature\/arthur-rimbaud-1854-1891-a-la-musique\/","title":{"rendered":"Arthur Rimbaud (1854-1891) : A la musique"},"content":{"rendered":"<div style=\"width: 910px; border: 3px solid #BFF0C3; padding: 50px 25px 50px 25px;\">\n<p style=\"text-align: justify;\"><em>Quand Arthur Rimbaud \u00e9crit son po\u00e8me \u00ab\u00a0<\/em>A la musique<em>\u00a0\u00bb en juillet 1870, le kiosque \u00e0 musique n\u2019est pas encore construit, il le sera en 1879. Pourtant la d\u00e9dicace \u00ab\u00a0Place de la Gare, \u00e0 Charleville\u00a0\u00bb ne laisse planer aucun doute sur l\u2019endroit des concerts. Effectivement, tous les jeudis soirs l\u2019harmonie municipale ou la fanfare du 6e de Ligne offraient des concerts aux \u00ab\u00a0bourgeois\u00a0\u00bb que Rimbaud ex\u00e8cre (\u00ab\u00a0Tous les bourgeois poussifs qu\u2019\u00e9tranglent les chaleurs\u00a0\u00bb). Il jette un regard ironique sur le public comme sur les musiciens.<\/em><\/p>\n<p style=\"text-align: center;\"><a href=\"http:\/\/www.kiosquesdumonde.net\/coppermine\/displayimage.php?album=33&amp;pos=18\"><img loading=\"lazy\" decoding=\"async\" class=\"aligncenter wp-image-435 size-full\" src=\"https:\/\/www.kiosquesdumonde.net\/wordpress\/wp-content\/uploads\/2014\/09\/Charleville-02-e1416150666899.jpg\" alt=\"\" width=\"625\" height=\"397\" \/><\/a><a href=\"http:\/\/www.kiosquesdumonde.net\/coppermine\/displayimage.php?album=33&amp;pos=18\" target=\"_blank\"><em>le kiosque \u00e0 Charleville et le buste de Rimbaud<\/em><\/a><\/p>\n<p style=\"padding-left: 270px;\">A la Musique<\/p>\n<p style=\"padding-left: 300px;\">Place de la Gare, \u00e0 Charleville<\/p>\n<p style=\"padding-left: 210px;\">Sur la place taill\u00e9e en mesquines pelouses,<br \/>\nSquare o\u00f9 tout est correct, les arbres et les fleurs,<br \/>\nTous les bourgeois poussifs qu\u2019\u00e9tranglent les chaleurs<br \/>\nPortent, les jeudis soirs, leurs b\u00eatises jalouses.<\/p>\n<p style=\"padding-left: 210px;\">&#8211; L\u2019orchestre militaire, au milieu du jardin,<br \/>\nBalance ses schakos dans la Valse des Fifres:<br \/>\n&#8211; Autour, aux premiers rangs, parade le gandin;<br \/>\nLe notaire pend \u00e0 ses breloques \u00e0 chiffres.<\/p>\n<p style=\"padding-left: 210px;\">Des rentiers \u00e0 lorgnons soulignent tous les couacs:<br \/>\nLes gros bureaux bouffis tra\u00eenant leurs grosses dames<br \/>\nAupr\u00e8s desquelles vont, officieux cornacs,<br \/>\nCelles dont les volants ont des airs de r\u00e9clames;<\/p>\n<p style=\"padding-left: 210px;\">Sur les bancs verts, des clubs d\u2019\u00e9piciers retrait\u00e9s<br \/>\nQui tisonnent le sable avec leur canne \u00e0 pomme,<br \/>\nFort s\u00e9rieusement discutent les trait\u00e9s,<br \/>\nPuis prisent en argent, et reprennent : \u00abEn somme !&#8230; \u00bb<\/p>\n<p style=\"padding-left: 210px;\">Epatant sur son banc les rondeurs de ses reins,<br \/>\nUn bourgeois \u00e0 boutons clairs, bedaine flamande,<br \/>\nSavoure son onnaing d\u2019o\u00f9 le tabac par brins<br \/>\nD\u00e9borde &#8211; vous savez, c\u2019est de la contrebande; &#8211;<\/p>\n<p style=\"padding-left: 210px;\">Le long des gazons verts ricanent les voyous;<br \/>\nEt, rendus amoureux par le chant des trombones,<br \/>\nTr\u00e8s na\u00effs, et fumant des roses, les pioupious<br \/>\nCaressent les b\u00e9b\u00e9s pour enj\u00f4ler les bonnes\u2026<\/p>\n<p style=\"padding-left: 210px;\">&#8211; Moi, je suis, d\u00e9braill\u00e9 comme un \u00e9tudiant,<br \/>\nSous les marronniers verts les alertes fillettes:<br \/>\nElles le savent bien ; et tournent en riant,<br \/>\nVers moi, leurs yeux tout plein de choses indiscr\u00e8tes.<\/p>\n<p style=\"padding-left: 210px;\">Je ne dis pas un mot : je regarde toujours<br \/>\nLa chair de leurs cous blancs brod\u00e9s de m\u00e8ches folles:<br \/>\nJe suis, sous le corsage et les fr\u00eales atours,<br \/>\nLe dos divin apr\u00e8s la courbe des \u00e9paules.<\/p>\n<p style=\"padding-left: 210px;\">J\u2019ai bient\u00f4t d\u00e9nich\u00e9 la bottine, le bas\u2026<br \/>\n&#8211; Je reconstruis les corps, br\u00fbl\u00e9 de belles fi\u00e8vres.<br \/>\nElles me trouvent dr\u00f4le et se parlent tout bas\u2026<br \/>\n&#8211; Et je sens les baisers qui me viennent aux l\u00e8vres\u2026<\/p>\n<\/div>\n","protected":false},"excerpt":{"rendered":"<p>Quand Arthur Rimbaud \u00e9crit son po\u00e8me \u00ab\u00a0A la musique\u00a0\u00bb en juillet 1870, le kiosque \u00e0 musique n\u2019est pas encore construit, il le sera en 1879. Pourtant la d\u00e9dicace \u00ab\u00a0Place de la Gare, \u00e0 Charleville\u00a0\u00bb ne laisse planer aucun doute sur l\u2019endroit des concerts. Effectivement, tous les jeudis soirs l\u2019harmonie municipale ou la fanfare du 6e [&hellip;]<\/p>\n","protected":false},"author":1,"featured_media":0,"parent":70,"menu_order":28,"comment_status":"closed","ping_status":"closed","template":"page-templates\/full-width.php","meta":{"footnotes":""},"class_list":["post-432","page","type-page","status-publish","hentry"],"_links":{"self":[{"href":"https:\/\/www.kiosquesdumonde.net\/wordpress\/wp-json\/wp\/v2\/pages\/432","targetHints":{"allow":["GET"]}}],"collection":[{"href":"https:\/\/www.kiosquesdumonde.net\/wordpress\/wp-json\/wp\/v2\/pages"}],"about":[{"href":"https:\/\/www.kiosquesdumonde.net\/wordpress\/wp-json\/wp\/v2\/types\/page"}],"author":[{"embeddable":true,"href":"https:\/\/www.kiosquesdumonde.net\/wordpress\/wp-json\/wp\/v2\/users\/1"}],"replies":[{"embeddable":true,"href":"https:\/\/www.kiosquesdumonde.net\/wordpress\/wp-json\/wp\/v2\/comments?post=432"}],"version-history":[{"count":22,"href":"https:\/\/www.kiosquesdumonde.net\/wordpress\/wp-json\/wp\/v2\/pages\/432\/revisions"}],"predecessor-version":[{"id":1841,"href":"https:\/\/www.kiosquesdumonde.net\/wordpress\/wp-json\/wp\/v2\/pages\/432\/revisions\/1841"}],"up":[{"embeddable":true,"href":"https:\/\/www.kiosquesdumonde.net\/wordpress\/wp-json\/wp\/v2\/pages\/70"}],"wp:attachment":[{"href":"https:\/\/www.kiosquesdumonde.net\/wordpress\/wp-json\/wp\/v2\/media?parent=432"}],"curies":[{"name":"wp","href":"https:\/\/api.w.org\/{rel}","templated":true}]}}