{"id":70,"date":"2014-08-28T18:04:55","date_gmt":"2014-08-28T17:04:55","guid":{"rendered":"http:\/\/www.kiosquesdumonde.net\/wordpress\/?page_id=70"},"modified":"2017-02-15T17:59:35","modified_gmt":"2017-02-15T16:59:35","slug":"litterature","status":"publish","type":"page","link":"https:\/\/www.kiosquesdumonde.net\/wordpress\/litterature\/","title":{"rendered":"Litt\u00e9rature"},"content":{"rendered":"<p style=\"text-align: right;\"><em>Kiosque : lieu de d\u00e9lices dans un jardin<\/em>.\u00a0\u00bb<br \/>\nGustave Flaubert, Dictionnaire des id\u00e9es re\u00e7ues.<\/p>\n<p style=\"text-align: right;\"><em>Les textes ci-dessous sont choisis en fonction d&rsquo;allusions \u00e0 un kiosque \u00e0 musique, r\u00e9el ou imaginaire.<\/em><\/p>\n<p style=\"text-align: right;\">* Cliquer sur les titres pour lire le texte.<\/p>\n<ul>\n<ul>\n<li>\n<h3><a title=\"Jean Anouilh (1910-1987) Le bal des voleurs\" href=\"https:\/\/www.kiosquesdumonde.net\/wordpress\/litterature\/jean-anouilh-1910-1987-le-bal-des-voleurs\/\" target=\"_blank\">\u00a0Jean Anouilh (1910-1987) : <em>Le Bal des voleurs<\/em><\/a><\/h3>\n<\/li>\n<li>\n<h3><a title=\"Charles Baudelaire (1821-1867) : Les Petites Vieilles\" href=\"https:\/\/www.kiosquesdumonde.net\/wordpress\/litterature\/baudelaire\/\" target=\"_blank\">Charles Baudelaire (1821-1867) : <em>Les Petites Vieilles<\/em><\/a><\/h3>\n<\/li>\n<li>\n<h3><a title=\"Daniel Boulanger (1922 \u2013 2014) Musiques\" href=\"https:\/\/www.kiosquesdumonde.net\/wordpress\/litterature\/daniel-boulanger-1922-2014-musiques\/\" target=\"_blank\">Daniel Boulanger (1922-2014) : <em>Musiques<\/em><\/a><\/h3>\n<\/li>\n<li>\n<h3><a title=\"William Boyd (1952 \u2013 \u2026) L\u2019apr\u00e8s-midi bleu\" href=\"https:\/\/www.kiosquesdumonde.net\/wordpress\/litterature\/william-boyd-1952-lapres-midi-bleu\/\" target=\"_blank\">William Boyd (1952-&#8230;) : <em>L&rsquo;apr\u00e8s-midi bleu<\/em><\/a><\/h3>\n<\/li>\n<li>\n<h3><a title=\"Albert Camus (1913-1960) : L\u2019Et\u00e9\" href=\"https:\/\/www.kiosquesdumonde.net\/wordpress\/litterature\/albert-camus-1913-1960-lete\/\" target=\"_blank\">Albert Camus (1913-1960) : <em>L&rsquo;\u00c9t\u00e9<\/em><\/a><\/h3>\n<\/li>\n<li>\n<h3><a title=\"Ciar\u00e1n Carson (1948-\u2026) : Th\u00e9 au tr\u00e8fle\" href=\"https:\/\/www.kiosquesdumonde.net\/wordpress\/litterature\/ciaran-carson-1948-the-au-trefle\/\" target=\"_blank\">Ciar\u00e1n\u00a0Carson (1948-&#8230;) : <em>Th\u00e9 au Tr\u00e8fle<\/em><\/a><\/h3>\n<\/li>\n<li>\n<h3><a title=\"Alain Dubos (1943-\u2026) : Constance et la ville d\u2019hiver\" href=\"https:\/\/www.kiosquesdumonde.net\/wordpress\/litterature\/alain-dubos-1943-constance-et-la-ville-dhiver\/\" target=\"_blank\">Alain Dubos (1943-&#8230;) : <em>Constance et la ville d&rsquo;hiver<\/em><\/a><\/h3>\n<\/li>\n<li>\n<h3><a title=\"Linda Fairstein : (1947 -\u2026) Mausol\u00e9e\" href=\"https:\/\/www.kiosquesdumonde.net\/wordpress\/litterature\/linda-fairstein-1947-mausolee\/\" target=\"_blank\">Linda Fairstein (1947-&#8230;) : <em>Mausol\u00e9e<\/em><\/a><\/h3>\n<\/li>\n<li>\n<h3><a title=\"William Faulkner (1897-1962) : Sanctuaire\" href=\"https:\/\/www.kiosquesdumonde.net\/wordpress\/litterature\/william-faulkner-1897-1962-sanctuaire\/\" target=\"_blank\">William Faulkner (1897-1962) : <em>Sanctuaire<\/em><\/a><\/h3>\n<\/li>\n<li>\n<h3><a title=\"Jean-Pierre Gatt\u00e9gno (1944-\u2026) : La Nuit du professeur\" href=\"https:\/\/www.kiosquesdumonde.net\/wordpress\/litterature\/jean-pierre-gattegno-1944-la-nuit-du-professeur\/\" target=\"_blank\">Jean-Pierre Gatt\u00e9gno (1944-&#8230;) : <em>La Nuit du professeur<\/em><\/a><\/h3>\n<\/li>\n<li>\n<h3><a title=\"Julien Green (1900-1998) : Adrienne Mesurat\" href=\"https:\/\/www.kiosquesdumonde.net\/wordpress\/litterature\/julien-green-1900-1998-adrienne-mesurat\/\" target=\"_blank\">Julien Green (1900-1998) : <em>Adrienne Mesurat<\/em><\/a><\/h3>\n<\/li>\n<li>\n<h3><a title=\"Xavier Hanotte (1960-\u2026) : Mani\u00e8re noire\" href=\"https:\/\/www.kiosquesdumonde.net\/wordpress\/litterature\/xavier-hanotte-1960-maniere-noire\/\" target=\"_blank\">Xavier Hanotte (1960-&#8230;) : <em>Mani\u00e8re noire<\/em><\/a><\/h3>\n<\/li>\n<li>\n<h3><a title=\"Sa\u00efd al \u2013 Kafrawi (1939-\u2026) : Le Kiosque \u00e0 musique\" href=\"https:\/\/www.kiosquesdumonde.net\/wordpress\/litterature\/said-al-kafrawi-1939-le-kiosque-a-musique\/\" target=\"_blank\">Sa\u00efd al &#8211; Kafrawi (1939-&#8230;) : <em>Le Kiosque \u00e0 musique<\/em><\/a><\/h3>\n<\/li>\n<li>\n<h3><a title=\"Denis Labb\u00e9 (1965-\u2026) : Caf\u00e9 du Centre\" href=\"https:\/\/www.kiosquesdumonde.net\/wordpress\/litterature\/denis-labbe-1965-cafe-du-centre\/\" target=\"_blank\">Denis Labb\u00e9 (1965-\u2026) : <em>Caf\u00e9 du Centre<\/em><\/a><\/h3>\n<\/li>\n<li>\n<h3><a title=\"Jules Laforgue (1860-1887) Le miracle des roses\" href=\"https:\/\/www.kiosquesdumonde.net\/wordpress\/litterature\/jules-laforgue-1860-1887-le-miracle-des-roses\/\" target=\"_blank\">Jules Laforgue (1860-1887) : <em>Le miracle des roses<\/em><\/a><\/h3>\n<\/li>\n<li>\n<h3><a title=\"Caroline Lamarche (1955-...) La Chienne de Naha\" href=\"https:\/\/www.kiosquesdumonde.net\/wordpress\/litterature\/caroline-lamarche-1955-la-chienne-de-naha\/\" target=\"_blank\">Caroline Lamarche (1955-&#8230; ) : <em>La Chienne de Naha<\/em><\/a><\/h3>\n<\/li>\n<li>\n<h3><a title=\"Gilles Lapouge (1923-...) Le Bois des amoureux\" href=\"https:\/\/www.kiosquesdumonde.net\/wordpress\/litterature\/gilles-lapouge-1923-le-bois-des-amoureux\/\" target=\"_blank\">Gilles Lapouge (1923-&#8230; ) : <em>Le Bois des Amoureux<\/em><\/a><\/h3>\n<\/li>\n<li>\n<h3><a title=\"Gaston Leroux (1868-1927) : Le parfum de la dame en noir\" href=\"https:\/\/www.kiosquesdumonde.net\/wordpress\/litterature\/gaston-leroux-1868-1927-le-parfum-de-la-dame-en-noir\/\" target=\"_blank\">Gaston Leroux (1868-1927) : <em>Le parfum de la dame en noir<\/em><\/a><\/h3>\n<\/li>\n<li>\n<h3><a title=\"Guillermo Mart\u00ednez (1962 \u2013 \u2026) : Math\u00e9matique du crime\" href=\"https:\/\/www.kiosquesdumonde.net\/wordpress\/litterature\/guillermo-martinez-1962-mathematique-du-crime\/\" target=\"_blank\">Guillermo Mart\u00ednez (1962 &#8211; \u2026) : <em>Math\u00e9matique du crime<\/em><\/a><\/h3>\n<\/li>\n<li>\n<h3><a title=\"Guy de Maupassant (1850-1893) : En wagon.\" href=\"https:\/\/www.kiosquesdumonde.net\/wordpress\/litterature\/guy-de-maupassant-1850-1893-en-wagon\/\" target=\"_blank\">Guy de Maupassant (1850-1893) : <em>En wagon<\/em><\/a><\/h3>\n<\/li>\n<li>\n<h3><a title=\"Fran\u00e7ois Mauriac (1885-1970) : Le N\u0153ud de vip\u00e8res\" href=\"https:\/\/www.kiosquesdumonde.net\/wordpress\/litterature\/francois-mauriac-1885-1970-le-noeud-de-viperes\/\" target=\"_blank\">Fran\u00e7ois Mauriac (1885-1970) : <em>Le N\u0153ud de vip\u00e8res<\/em><\/a><\/h3>\n<\/li>\n<li>\n<h3><a title=\"Patrick Modiano (1945-...) : Villa Triste\" href=\"https:\/\/www.kiosquesdumonde.net\/wordpress\/litterature\/patrick-modiano-1945-villa-triste\/\" target=\"_blank\">Patrick Modiano (1945&#8230;) : <em>Villa Triste<\/em><\/a><\/h3>\n<\/li>\n<li>\n<h3><a title=\"Janine Montupet (1920-\u2026 ) : Bal au palais Darelli\" href=\"https:\/\/www.kiosquesdumonde.net\/wordpress\/litterature\/janine-montupet-1920-bal-au-palais-darelli\/\" target=\"_blank\">Janine Montupet (1920-&#8230; ) : <em>Bal au palais Darelli<\/em><\/a><\/h3>\n<\/li>\n<li>\n<h3><a title=\"Louis Nucera (1928-2000) : Le Kiosque \u00e0 musique\" href=\"https:\/\/www.kiosquesdumonde.net\/wordpress\/litterature\/louis-nucera-1928-2000-le-kiosque-a-musique-4\/\" target=\"_blank\">Louis Nucera (1928-2000) : <em>Le Kiosque \u00e0 musique<\/em><\/a><\/h3>\n<\/li>\n<li>\n<h3><a title=\"Anne Perry (1938-\u2026) : Le bourreau de Hyde Park\" href=\"https:\/\/www.kiosquesdumonde.net\/wordpress\/litterature\/anne-perry-1938-le-bourreau-de-hyde-park\/\" target=\"_blank\">Anne Perry (1938-&#8230;) : <em>Le bourreau de Hyde Park<\/em><\/a><\/h3>\n<\/li>\n<li>\n<h3><a title=\"Marcel Proust (1871-1922) : A l\u2019ombre des jeunes filles en fleurs\" href=\"https:\/\/www.kiosquesdumonde.net\/wordpress\/litterature\/marcel-proust-1871-1922-a-lombre-des-jeunes-filles-en-fleurs\/\" target=\"_blank\">Marcel Proust (1871-1922) : <em>A l&rsquo;ombre des jeunes filles en fleurs<\/em><\/a><\/h3>\n<\/li>\n<li>\n<h3><a title=\"Jean Ray (1887-1964) : Le Grand Nocturne\" href=\"https:\/\/www.kiosquesdumonde.net\/wordpress\/litterature\/jean-ray-1887-1964-le-grand-nocturne\/\" target=\"_blank\">Jean Ray (1887-1964) : <em>Le Grand Nocturne<\/em><\/a><\/h3>\n<\/li>\n<li>\n<h3><a title=\"Arthur Rimbaud (1854-1891) : A la musique\" href=\"https:\/\/www.kiosquesdumonde.net\/wordpress\/litterature\/arthur-rimbaud-1854-1891-a-la-musique\/\" target=\"_blank\">Arthur Rimbaud (1854-1891) : <em>A la musique<\/em><\/a><\/h3>\n<\/li>\n<li>\n<h3><a title=\"Raymond Roussel (1877-1933) : Le Concert\" href=\"https:\/\/www.kiosquesdumonde.net\/wordpress\/litterature\/raymond-roussel-1877-1933-le-concert\/\" target=\"_blank\">Raymond Roussel (1877-1933) : <em>Le Concert<\/em><\/a><\/h3>\n<\/li>\n<li>\n<h3><a title=\"Jean-Paul Sartre (1905-1980) : La Naus\u00e9e\" href=\"https:\/\/www.kiosquesdumonde.net\/wordpress\/litterature\/jean-paul-sartre-1905-1980-la-nausee\/\" target=\"_blank\">Jean-Paul Sartre (1905-1980) : <em>La Naus\u00e9e<\/em><\/a><\/h3>\n<\/li>\n<li>\n<h3><a title=\"Fabio Scotto (1959-\u2026) : Segovia\" href=\"https:\/\/www.kiosquesdumonde.net\/wordpress\/litterature\/fabio-scotto-segovia\/\" target=\"_blank\">Fabio Scotto (1959-&#8230;) : <em>Segovia<\/em><\/a><\/h3>\n<\/li>\n<li>\n<h3><a href=\"https:\/\/www.kiosquesdumonde.net\/wordpress\/litterature\/jorge-semprun-1923-2011-levanouissement\/\" target=\"_blank\">Jorge Sempr\u00fan (1923-2011) : <em>L\u2019Evanouissement<\/em><\/a><\/h3>\n<\/li>\n<li>\n<h3><a title=\"Georges Simenon (1903-1989) : Maigret \u00e0 Vichy\" href=\"https:\/\/www.kiosquesdumonde.net\/wordpress\/litterature\/georges-simenon-1903-1989-maigret-a-vichy\/\" target=\"_blank\">Georges Simenon (1903-1989) : <em>Maigret \u00e0 Vichy<\/em><\/a><\/h3>\n<\/li>\n<li>\n<h3><a title=\"Simon Vestdijk (1898-1971) : Le Jardin de cuivre\" href=\"https:\/\/www.kiosquesdumonde.net\/wordpress\/litterature\/simon-vestdijk-1898-1971-le-jardin-de-cuivre\/\" target=\"_blank\">Simon Vestdijk (1898-1971) : <em>Le Jardin de cuivre<\/em><\/a><\/h3>\n<\/li>\n<li>\n<h3><a title=\"Patrick Virelles (1939-2010) : Peau de V\u00e9lin\" href=\"https:\/\/www.kiosquesdumonde.net\/wordpress\/litterature\/patrick-virelles-1939-2010-peau-de-velin\/\" target=\"_blank\">Patrick Virelles (1939-2010) : <em>Peau de V\u00e9lin<\/em><\/a><\/h3>\n<\/li>\n<li>\n<h3><a title=\"Carlos Ruiz Zaf\u00f3n (1964-\u2026) : Le Jeu de l\u2019Ange\" href=\"https:\/\/www.kiosquesdumonde.net\/wordpress\/litterature\/carlos-ruiz-zafon-1964-le-jeu-de-lange\" target=\"_blank\">Carlos Ruiz Zaf\u00f3n (1964-&#8230;) : <em>Le Jeu de l&rsquo;Ange<\/em><\/a><\/h3>\n<\/li>\n<\/ul>\n<\/ul>\n<p><code><!--more--><\/code><\/p>\n","protected":false},"excerpt":{"rendered":"<p>Kiosque : lieu de d\u00e9lices dans un jardin.\u00a0\u00bb Gustave Flaubert, Dictionnaire des id\u00e9es re\u00e7ues. Les textes ci-dessous sont choisis en fonction d&rsquo;allusions \u00e0 un kiosque \u00e0 musique, r\u00e9el ou imaginaire. * Cliquer sur les titres pour lire le texte. \u00a0Jean Anouilh (1910-1987) : Le Bal des voleurs Charles Baudelaire (1821-1867) : Les Petites Vieilles Daniel [&hellip;]<\/p>\n","protected":false},"author":1,"featured_media":0,"parent":0,"menu_order":4,"comment_status":"closed","ping_status":"open","template":"page-templates\/full-width.php","meta":{"footnotes":""},"class_list":["post-70","page","type-page","status-publish","hentry"],"_links":{"self":[{"href":"https:\/\/www.kiosquesdumonde.net\/wordpress\/wp-json\/wp\/v2\/pages\/70","targetHints":{"allow":["GET"]}}],"collection":[{"href":"https:\/\/www.kiosquesdumonde.net\/wordpress\/wp-json\/wp\/v2\/pages"}],"about":[{"href":"https:\/\/www.kiosquesdumonde.net\/wordpress\/wp-json\/wp\/v2\/types\/page"}],"author":[{"embeddable":true,"href":"https:\/\/www.kiosquesdumonde.net\/wordpress\/wp-json\/wp\/v2\/users\/1"}],"replies":[{"embeddable":true,"href":"https:\/\/www.kiosquesdumonde.net\/wordpress\/wp-json\/wp\/v2\/comments?post=70"}],"version-history":[{"count":110,"href":"https:\/\/www.kiosquesdumonde.net\/wordpress\/wp-json\/wp\/v2\/pages\/70\/revisions"}],"predecessor-version":[{"id":4526,"href":"https:\/\/www.kiosquesdumonde.net\/wordpress\/wp-json\/wp\/v2\/pages\/70\/revisions\/4526"}],"wp:attachment":[{"href":"https:\/\/www.kiosquesdumonde.net\/wordpress\/wp-json\/wp\/v2\/media?parent=70"}],"curies":[{"name":"wp","href":"https:\/\/api.w.org\/{rel}","templated":true}]}}